{"id":11,"date":"2014-07-22T00:46:29","date_gmt":"2014-07-22T00:46:29","guid":{"rendered":"http:\/\/idearsa.com.ar\/?page_id=11"},"modified":"2015-03-11T15:10:19","modified_gmt":"2015-03-11T15:10:19","slug":"investigacion-y-desarrollo","status":"publish","type":"page","link":"https:\/\/idearsa.com.ar\/?page_id=11","title":{"rendered":"Investigaci\u00f3n y desarrollo"},"content":{"rendered":"<p style=\"color: #404247; text-align: justify;\">Mediante una permanente interacci\u00f3n y colaboraci\u00f3n con el Centro de Ingenier\u00eda Sanitaria, perteneciente a la Facultad de Ciencias Exactas Ingenier\u00eda y Agrimensura de la Universidad Nacional de Rosario, IDEAR S.A. se mantiene a la vanguardia en lo referente a la actualizaci\u00f3n y optimizaci\u00f3n de los procesos de tratamiento de aguas.<\/p>\n<p style=\"color: #404247; text-align: justify;\">En dicho Centro se cuenta con una planta piloto m\u00f3vil para ensayos in situ o en laboratorio, la que fue construida con fondos provenientes de proyectos de investigaci\u00f3n financiados por la Agencia Nacional de Promoci\u00f3n Cient\u00edfica y Tecnol\u00f3gica de la Naci\u00f3n.<\/p>\n<p style=\"color: #404247; text-align: justify;\">La citada planta piloto m\u00f3vil se utiliza para la realizaci\u00f3n de estudios previos in situ, utilizando aguas naturales, cuando es necesario ajustar alguno de los par\u00e1metros de dise\u00f1o tanto del Proceso ArCIS-UNR\u00ae para remoci\u00f3n de ars\u00e9nico y fluoruros como el Proceso BioCIS-UNR\u00ae, para remoci\u00f3n biol\u00f3gica de hierro y manganeso.<\/p>\n<p style=\"color: #404247; text-align: justify;\">Asimismo la planta piloto m\u00f3vil, constituye una herramienta muy importante ya que est\u00e1 equipada con distintos reactores, equipos de bombeo y dosificadores, lo que permite que sea empleada no s\u00f3lo en proyectos de investigaci\u00f3n y desarrollo de nuevos sistemas de tratamiento de agua, sino tambi\u00e9n en la realizaci\u00f3n de innovaciones de procesos ya existentes.<\/p>\n<p style=\"color: #404247;\">Para m\u00e1s informaci\u00f3n sobre los proyectos de investigaci\u00f3n actualmente en curso visitar:<\/p>\n<p style=\"color: #404247;\"><a style=\"font-weight: inherit; font-style: inherit; color: #50bbeb;\" href=\"http:\/\/www.fceia.unr.edu.ar\/cis\/\" target=\"_blank\">Centro de Ingenier\u00eda Sanitaria<\/a><\/p>\n","protected":false},"excerpt":{"rendered":"<p>Mediante una permanente interacci\u00f3n y colaboraci\u00f3n con el Centro de Ingenier\u00eda Sanitaria, perteneciente a la Facultad de Ciencias Exactas Ingenier\u00eda y Agrimensura de la Universidad Nacional de Rosario, IDEAR S.A. se mantiene a la vanguardia en lo referente a la actualizaci\u00f3n y optimizaci\u00f3n de los procesos de tratamiento de aguas. En dicho Centro se cuenta [&hellip;]<\/p>\n","protected":false},"author":1,"featured_media":107,"parent":0,"menu_order":0,"comment_status":"open","ping_status":"closed","template":"template-id.php","meta":{"_acf_changed":false,"footnotes":""},"class_list":["post-11","page","type-page","status-publish","has-post-thumbnail","hentry"],"acf":[],"_links":{"self":[{"href":"https:\/\/idearsa.com.ar\/index.php?rest_route=\/wp\/v2\/pages\/11","targetHints":{"allow":["GET"]}}],"collection":[{"href":"https:\/\/idearsa.com.ar\/index.php?rest_route=\/wp\/v2\/pages"}],"about":[{"href":"https:\/\/idearsa.com.ar\/index.php?rest_route=\/wp\/v2\/types\/page"}],"author":[{"embeddable":true,"href":"https:\/\/idearsa.com.ar\/index.php?rest_route=\/wp\/v2\/users\/1"}],"replies":[{"embeddable":true,"href":"https:\/\/idearsa.com.ar\/index.php?rest_route=%2Fwp%2Fv2%2Fcomments&post=11"}],"version-history":[{"count":6,"href":"https:\/\/idearsa.com.ar\/index.php?rest_route=\/wp\/v2\/pages\/11\/revisions"}],"predecessor-version":[{"id":276,"href":"https:\/\/idearsa.com.ar\/index.php?rest_route=\/wp\/v2\/pages\/11\/revisions\/276"}],"wp:featuredmedia":[{"embeddable":true,"href":"https:\/\/idearsa.com.ar\/index.php?rest_route=\/wp\/v2\/media\/107"}],"wp:attachment":[{"href":"https:\/\/idearsa.com.ar\/index.php?rest_route=%2Fwp%2Fv2%2Fmedia&parent=11"}],"curies":[{"name":"wp","href":"https:\/\/api.w.org\/{rel}","templated":true}]}}