{"id":122,"date":"2003-01-01T15:54:45","date_gmt":"2003-01-01T15:54:45","guid":{"rendered":"http:\/\/idearsa.com.ar\/?page_id=122"},"modified":"2014-08-21T12:58:51","modified_gmt":"2014-08-21T12:58:51","slug":"planta-de-tratamiento-lopez-santa-fe","status":"publish","type":"page","link":"https:\/\/idearsa.com.ar\/?page_id=122","title":{"rendered":"Planta de Tratamiento L\u00f3pez"},"content":{"rendered":"<p style=\"color: #404247;\"><span style=\"font-weight: bold; font-style: inherit;\">Proceso de tratamiento<\/span><br \/>\nCoagulaci\u00f3n con Policloruro Aluminio + Prefiltraci\u00f3n + Filtraci\u00f3n (Proceso ArCIS-UNR\u00ae)<\/p>\n<p style=\"color: #404247;\"><span style=\"font-weight: bold; font-style: inherit;\">A\u00f1o de Inauguraci\u00f3n<\/span><br \/>\n2003<\/p>\n<p style=\"color: #404247;\"><span style=\"font-weight: bold; font-style: inherit;\">Caudal tratado<\/span><br \/>\n6 m3\/h<\/p>\n<p style=\"color: #404247;\"><span style=\"font-weight: bold;\">Poblaci\u00f3n Abastecida<\/span><br \/>\n1200 habitantes<\/p>\n<p style=\"color: #404247;\"><strong>Tipo de Construcci\u00f3n<br \/>\n<\/strong>Modular compacta de acero<\/p>\n<p style=\"color: #404247;\"><span style=\"font-weight: bold; font-style: inherit;\">Ars\u00e9nico agua cruda<\/span><br \/>\n0,08-0,11 mg\/l<\/p>\n<p style=\"color: #404247;\"><span style=\"font-weight: bold; font-style: inherit;\">Informaci\u00f3n de Contacto\u00a0<\/span><br \/>\nCooperativa de\u00a0Luz y Fuerza e Industrias Anexas de L\u00f3pez Ltda.<br \/>\nTel.\/fax: +54-03404-498065<\/p>\n","protected":false},"excerpt":{"rendered":"<p>Proceso de tratamiento<br \/>\nCoagulaci\u00f3n con Policloruro Aluminio + Prefiltraci\u00f3n + Filtraci\u00f3n (Proceso ArCIS-UNR\u00ae)<\/p>\n","protected":false},"author":2,"featured_media":123,"parent":86,"menu_order":0,"comment_status":"open","ping_status":"closed","template":"template-productos-plantas-construidas-mas-informacion.php","meta":{"_acf_changed":false,"footnotes":""},"class_list":["post-122","page","type-page","status-publish","has-post-thumbnail","hentry"],"acf":[],"_links":{"self":[{"href":"https:\/\/idearsa.com.ar\/index.php?rest_route=\/wp\/v2\/pages\/122","targetHints":{"allow":["GET"]}}],"collection":[{"href":"https:\/\/idearsa.com.ar\/index.php?rest_route=\/wp\/v2\/pages"}],"about":[{"href":"https:\/\/idearsa.com.ar\/index.php?rest_route=\/wp\/v2\/types\/page"}],"author":[{"embeddable":true,"href":"https:\/\/idearsa.com.ar\/index.php?rest_route=\/wp\/v2\/users\/2"}],"replies":[{"embeddable":true,"href":"https:\/\/idearsa.com.ar\/index.php?rest_route=%2Fwp%2Fv2%2Fcomments&post=122"}],"version-history":[{"count":7,"href":"https:\/\/idearsa.com.ar\/index.php?rest_route=\/wp\/v2\/pages\/122\/revisions"}],"predecessor-version":[{"id":133,"href":"https:\/\/idearsa.com.ar\/index.php?rest_route=\/wp\/v2\/pages\/122\/revisions\/133"}],"up":[{"embeddable":true,"href":"https:\/\/idearsa.com.ar\/index.php?rest_route=\/wp\/v2\/pages\/86"}],"wp:featuredmedia":[{"embeddable":true,"href":"https:\/\/idearsa.com.ar\/index.php?rest_route=\/wp\/v2\/media\/123"}],"wp:attachment":[{"href":"https:\/\/idearsa.com.ar\/index.php?rest_route=%2Fwp%2Fv2%2Fmedia&parent=122"}],"curies":[{"name":"wp","href":"https:\/\/api.w.org\/{rel}","templated":true}]}}