{"id":138,"date":"2007-02-21T13:13:08","date_gmt":"2007-02-21T13:13:08","guid":{"rendered":"http:\/\/idearsa.com.ar\/?page_id=138"},"modified":"2014-08-21T13:48:01","modified_gmt":"2014-08-21T13:48:01","slug":"planta-de-tratamiento-pueblo-andino","status":"publish","type":"page","link":"https:\/\/idearsa.com.ar\/?page_id=138","title":{"rendered":"Planta de tratamiento Pueblo Andino"},"content":{"rendered":"<p style=\"color: #404247;\"><strong><span style=\"font-style: inherit;\">Proceso<\/span><\/strong><span style=\"font-weight: bold; font-style: inherit;\"> de tratamiento<\/span><br \/>\nCoagulaci\u00f3n con Policloruro Aluminio + Prefiltraci\u00f3n + Filtraci\u00f3n (Proceso ArCIS-UNR\u00ae)<\/p>\n<p style=\"color: #404247;\"><span style=\"font-weight: bold; font-style: inherit;\">A\u00f1o de Inauguraci\u00f3n<\/span><br \/>\n2007<\/p>\n<p style=\"color: #404247;\"><span style=\"font-weight: bold; font-style: inherit;\">Caudal tratado<\/span><br \/>\n16 m3\/h<\/p>\n<p style=\"color: #404247;\"><span style=\"font-weight: bold; font-style: inherit;\">Poblaci\u00f3n Abastecida<\/span><br \/>\n1600 habitantes<\/p>\n<p style=\"color: #404247;\"><span style=\"font-weight: bold; font-style: inherit;\">Tipo de Construcci\u00f3n<\/span><br \/>\nModular en hormig\u00f3n armado in situ y PRFV<\/p>\n<p style=\"color: #404247;\"><span style=\"font-weight: bold; font-style: inherit;\">Ars\u00e9nico agua cruda<\/span><br \/>\n0,10-0,13 mg\/l<\/p>\n<p style=\"color: #404247;\"><span style=\"font-weight: bold; font-style: inherit;\">Informaci\u00f3n de Contacto\u00a0<\/span><br \/>\nComuna de Andino<br \/>\nTel.\/fax: +54-03476-496100<\/p>\n","protected":false},"excerpt":{"rendered":"<p>A\u00f1o de Inauguraci\u00f3n: 2007<br \/>Poblaci\u00f3n Abastecida: 1600 habitantes<\/p>\n","protected":false},"author":2,"featured_media":139,"parent":86,"menu_order":0,"comment_status":"open","ping_status":"closed","template":"template-productos-plantas-construidas-mas-informacion.php","meta":{"_acf_changed":false,"footnotes":""},"class_list":["post-138","page","type-page","status-publish","has-post-thumbnail","hentry"],"acf":[],"_links":{"self":[{"href":"https:\/\/idearsa.com.ar\/index.php?rest_route=\/wp\/v2\/pages\/138","targetHints":{"allow":["GET"]}}],"collection":[{"href":"https:\/\/idearsa.com.ar\/index.php?rest_route=\/wp\/v2\/pages"}],"about":[{"href":"https:\/\/idearsa.com.ar\/index.php?rest_route=\/wp\/v2\/types\/page"}],"author":[{"embeddable":true,"href":"https:\/\/idearsa.com.ar\/index.php?rest_route=\/wp\/v2\/users\/2"}],"replies":[{"embeddable":true,"href":"https:\/\/idearsa.com.ar\/index.php?rest_route=%2Fwp%2Fv2%2Fcomments&post=138"}],"version-history":[{"count":6,"href":"https:\/\/idearsa.com.ar\/index.php?rest_route=\/wp\/v2\/pages\/138\/revisions"}],"predecessor-version":[{"id":155,"href":"https:\/\/idearsa.com.ar\/index.php?rest_route=\/wp\/v2\/pages\/138\/revisions\/155"}],"up":[{"embeddable":true,"href":"https:\/\/idearsa.com.ar\/index.php?rest_route=\/wp\/v2\/pages\/86"}],"wp:featuredmedia":[{"embeddable":true,"href":"https:\/\/idearsa.com.ar\/index.php?rest_route=\/wp\/v2\/media\/139"}],"wp:attachment":[{"href":"https:\/\/idearsa.com.ar\/index.php?rest_route=%2Fwp%2Fv2%2Fmedia&parent=138"}],"curies":[{"name":"wp","href":"https:\/\/api.w.org\/{rel}","templated":true}]}}