{"id":146,"date":"2008-01-21T13:26:28","date_gmt":"2008-01-21T13:26:28","guid":{"rendered":"http:\/\/idearsa.com.ar\/?page_id=146"},"modified":"2014-08-21T13:42:17","modified_gmt":"2014-08-21T13:42:17","slug":"planta-de-tratamiento-lezama","status":"publish","type":"page","link":"https:\/\/idearsa.com.ar\/?page_id=146","title":{"rendered":"Planta de tratamiento Lezama"},"content":{"rendered":"<p style=\"color: #404247;\"><span style=\"font-weight: bold; font-style: inherit;\">Proceso<\/span><span style=\"font-weight: bold; font-style: inherit;\">\u00a0de tratamiento<\/span><br \/>\nCoagulaci\u00f3n con Policloruro Aluminio + Prefiltraci\u00f3n + Filtraci\u00f3n (Proceso ArCIS-UNR\u00ae)<\/p>\n<p style=\"color: #404247;\"><span style=\"font-weight: bold; font-style: inherit;\">A\u00f1o de Inauguraci\u00f3n<\/span><br \/>\n2008<\/p>\n<p style=\"color: #404247;\"><span style=\"font-weight: bold; font-style: inherit;\">Caudal tratado<\/span><br \/>\n38 m3\/h<\/p>\n<p style=\"color: #404247;\"><span style=\"font-weight: bold; font-style: inherit;\">Poblaci\u00f3n Abastecida<\/span><br \/>\n5000 habitantes<\/p>\n<p style=\"color: #404247;\"><span style=\"font-weight: bold; font-style: inherit;\">Tipo de Construcci\u00f3n<\/span><br \/>\nModular en hormig\u00f3n armado in situ y PRFV<\/p>\n<p style=\"color: #404247;\"><span style=\"font-weight: bold; font-style: inherit;\">Ars\u00e9nico agua cruda<\/span><br \/>\n0,10-0,14 mg\/l<\/p>\n<p style=\"color: #404247;\"><span style=\"font-weight: bold; font-style: inherit;\">Informaci\u00f3n de Contacto\u00a0<\/span><br \/>\nCooperativa de Lezama Ltda.<br \/>\nTel.\/fax: +54-02242-432223<\/p>\n","protected":false},"excerpt":{"rendered":"<p>A\u00f1o de Inauguraci\u00f3n: 2008<br \/>Poblaci\u00f3n Abastecida: 5000 habitantes<\/p>\n","protected":false},"author":2,"featured_media":147,"parent":86,"menu_order":0,"comment_status":"open","ping_status":"closed","template":"template-productos-plantas-construidas-mas-informacion.php","meta":{"_acf_changed":false,"footnotes":""},"class_list":["post-146","page","type-page","status-publish","has-post-thumbnail","hentry"],"acf":[],"_links":{"self":[{"href":"https:\/\/idearsa.com.ar\/index.php?rest_route=\/wp\/v2\/pages\/146","targetHints":{"allow":["GET"]}}],"collection":[{"href":"https:\/\/idearsa.com.ar\/index.php?rest_route=\/wp\/v2\/pages"}],"about":[{"href":"https:\/\/idearsa.com.ar\/index.php?rest_route=\/wp\/v2\/types\/page"}],"author":[{"embeddable":true,"href":"https:\/\/idearsa.com.ar\/index.php?rest_route=\/wp\/v2\/users\/2"}],"replies":[{"embeddable":true,"href":"https:\/\/idearsa.com.ar\/index.php?rest_route=%2Fwp%2Fv2%2Fcomments&post=146"}],"version-history":[{"count":5,"href":"https:\/\/idearsa.com.ar\/index.php?rest_route=\/wp\/v2\/pages\/146\/revisions"}],"predecessor-version":[{"id":153,"href":"https:\/\/idearsa.com.ar\/index.php?rest_route=\/wp\/v2\/pages\/146\/revisions\/153"}],"up":[{"embeddable":true,"href":"https:\/\/idearsa.com.ar\/index.php?rest_route=\/wp\/v2\/pages\/86"}],"wp:featuredmedia":[{"embeddable":true,"href":"https:\/\/idearsa.com.ar\/index.php?rest_route=\/wp\/v2\/media\/147"}],"wp:attachment":[{"href":"https:\/\/idearsa.com.ar\/index.php?rest_route=%2Fwp%2Fv2%2Fmedia&parent=146"}],"curies":[{"name":"wp","href":"https:\/\/api.w.org\/{rel}","templated":true}]}}