{"id":156,"date":"2010-01-21T14:02:30","date_gmt":"2010-01-21T14:02:30","guid":{"rendered":"http:\/\/idearsa.com.ar\/?page_id=156"},"modified":"2014-08-21T14:10:21","modified_gmt":"2014-08-21T14:10:21","slug":"planta-de-tratamiento-oriente","status":"publish","type":"page","link":"https:\/\/idearsa.com.ar\/?page_id=156","title":{"rendered":"Planta de tratamiento Oriente"},"content":{"rendered":"<p style=\"color: #404247;\"><strong>Proceso<\/strong><span style=\"font-weight: bold; font-style: inherit;\">\u00a0de tratamiento<\/span><br \/>\nCoagulaci\u00f3n con Policloruro Aluminio + Prefiltraci\u00f3n + Filtraci\u00f3n (Proceso ArCIS-UNR\u00ae)<\/p>\n<p style=\"color: #404247;\"><span style=\"font-weight: bold; font-style: inherit;\">A\u00f1o de Inauguraci\u00f3n<\/span><br \/>\n2010<\/p>\n<p style=\"color: #404247;\"><span style=\"font-weight: bold; font-style: inherit;\">Caudal tratado<\/span><br \/>\n20 m3\/h<\/p>\n<p style=\"color: #404247;\"><span style=\"font-weight: bold; font-style: inherit;\">Poblaci\u00f3n Abastecida<\/span><br \/>\n1800 habitantes<\/p>\n<p style=\"color: #404247;\"><span style=\"font-weight: bold; font-style: inherit;\">Tipo de Construcci\u00f3n<\/span><br \/>\nModular en hormig\u00f3n armado in situ y PRFV<\/p>\n<p style=\"color: #404247;\"><span style=\"font-weight: bold; font-style: inherit;\">Ars\u00e9nico agua cruda<\/span><br \/>\n0,08-0,10 mg\/l<\/p>\n<p style=\"color: #404247;\"><span style=\"font-weight: bold; font-style: inherit;\">Informaci\u00f3n de Contacto\u00a0<\/span><br \/>\nCooperativa de Oriente Ltda.<br \/>\nTel.\/fax: +54-02983-495000<\/p>\n","protected":false},"excerpt":{"rendered":"<p>A\u00f1o de Inauguraci\u00f3n: 2010<br \/>Poblaci\u00f3n abastecida: 1800 habitantes<\/p>\n","protected":false},"author":2,"featured_media":157,"parent":86,"menu_order":0,"comment_status":"open","ping_status":"closed","template":"template-productos-plantas-construidas-mas-informacion.php","meta":{"_acf_changed":false,"footnotes":""},"class_list":["post-156","page","type-page","status-publish","has-post-thumbnail","hentry"],"acf":[],"_links":{"self":[{"href":"https:\/\/idearsa.com.ar\/index.php?rest_route=\/wp\/v2\/pages\/156","targetHints":{"allow":["GET"]}}],"collection":[{"href":"https:\/\/idearsa.com.ar\/index.php?rest_route=\/wp\/v2\/pages"}],"about":[{"href":"https:\/\/idearsa.com.ar\/index.php?rest_route=\/wp\/v2\/types\/page"}],"author":[{"embeddable":true,"href":"https:\/\/idearsa.com.ar\/index.php?rest_route=\/wp\/v2\/users\/2"}],"replies":[{"embeddable":true,"href":"https:\/\/idearsa.com.ar\/index.php?rest_route=%2Fwp%2Fv2%2Fcomments&post=156"}],"version-history":[{"count":1,"href":"https:\/\/idearsa.com.ar\/index.php?rest_route=\/wp\/v2\/pages\/156\/revisions"}],"predecessor-version":[{"id":159,"href":"https:\/\/idearsa.com.ar\/index.php?rest_route=\/wp\/v2\/pages\/156\/revisions\/159"}],"up":[{"embeddable":true,"href":"https:\/\/idearsa.com.ar\/index.php?rest_route=\/wp\/v2\/pages\/86"}],"wp:featuredmedia":[{"embeddable":true,"href":"https:\/\/idearsa.com.ar\/index.php?rest_route=\/wp\/v2\/media\/157"}],"wp:attachment":[{"href":"https:\/\/idearsa.com.ar\/index.php?rest_route=%2Fwp%2Fv2%2Fmedia&parent=156"}],"curies":[{"name":"wp","href":"https:\/\/api.w.org\/{rel}","templated":true}]}}