{"id":168,"date":"2010-03-21T14:38:16","date_gmt":"2010-03-21T14:38:16","guid":{"rendered":"http:\/\/idearsa.com.ar\/?page_id=168"},"modified":"2014-08-21T15:39:52","modified_gmt":"2014-08-21T15:39:52","slug":"planta-de-tratamiento-aldao","status":"publish","type":"page","link":"https:\/\/idearsa.com.ar\/?page_id=168","title":{"rendered":"Planta de tratamiento Aldao"},"content":{"rendered":"<p style=\"color: #404247;\"><strong>Proceso<\/strong><span style=\"font-weight: bold; font-style: inherit;\">\u00a0de tratamiento<\/span><br \/>\nCoagulaci\u00f3n con Policloruro Aluminio + Prefiltraci\u00f3n + Filtraci\u00f3n (Proceso ArCIS-UNR\u00ae)<\/p>\n<p style=\"color: #404247;\"><span style=\"font-weight: bold; font-style: inherit;\">A\u00f1o de Inauguraci\u00f3n<\/span><br \/>\n2010<\/p>\n<p style=\"color: #404247;\"><span style=\"font-weight: bold; font-style: inherit;\">Caudal tratado<\/span><br \/>\n10 m3\/h<\/p>\n<p style=\"color: #404247;\"><span style=\"font-weight: bold; font-style: inherit;\">Poblaci\u00f3n Abastecida<\/span><br \/>\n700 habitantes<\/p>\n<p style=\"color: #404247;\"><span style=\"font-weight: bold; font-style: inherit;\">Tipo de Construcci\u00f3n<\/span><br \/>\nModular en hormig\u00f3n armado in situ y PRFV<\/p>\n<p style=\"color: #404247;\"><span style=\"font-weight: bold; font-style: inherit;\">Ars\u00e9nico agua cruda<\/span><br \/>\n0,05-0,06 mg\/l<\/p>\n<p style=\"color: #404247;\"><span style=\"font-weight: bold; font-style: inherit;\">Informaci\u00f3n de Contacto\u00a0<\/span><br \/>\nComuna de Aldao<br \/>\nTel.\/fax: +54-03476-4482043<\/p>\n<p style=\"color: #404247;\"><a href=\"http:\/\/idearsa.com.ar\/wp-content\/uploads\/2010\/03\/Ficha-T\u00e9cnica-Aldao.pdf\">Descargar Ficha T\u00e9cnica<\/a><\/p>\n","protected":false},"excerpt":{"rendered":"<p>A\u00f1o de inauguraci\u00f3n: 2010<br \/>Poblaci\u00f3n abastecida: 700 habitantes<\/p>\n","protected":false},"author":2,"featured_media":169,"parent":86,"menu_order":0,"comment_status":"open","ping_status":"closed","template":"template-productos-plantas-construidas-mas-informacion.php","meta":{"_acf_changed":false,"footnotes":""},"class_list":["post-168","page","type-page","status-publish","has-post-thumbnail","hentry"],"acf":[],"_links":{"self":[{"href":"https:\/\/idearsa.com.ar\/index.php?rest_route=\/wp\/v2\/pages\/168","targetHints":{"allow":["GET"]}}],"collection":[{"href":"https:\/\/idearsa.com.ar\/index.php?rest_route=\/wp\/v2\/pages"}],"about":[{"href":"https:\/\/idearsa.com.ar\/index.php?rest_route=\/wp\/v2\/types\/page"}],"author":[{"embeddable":true,"href":"https:\/\/idearsa.com.ar\/index.php?rest_route=\/wp\/v2\/users\/2"}],"replies":[{"embeddable":true,"href":"https:\/\/idearsa.com.ar\/index.php?rest_route=%2Fwp%2Fv2%2Fcomments&post=168"}],"version-history":[{"count":3,"href":"https:\/\/idearsa.com.ar\/index.php?rest_route=\/wp\/v2\/pages\/168\/revisions"}],"predecessor-version":[{"id":187,"href":"https:\/\/idearsa.com.ar\/index.php?rest_route=\/wp\/v2\/pages\/168\/revisions\/187"}],"up":[{"embeddable":true,"href":"https:\/\/idearsa.com.ar\/index.php?rest_route=\/wp\/v2\/pages\/86"}],"wp:featuredmedia":[{"embeddable":true,"href":"https:\/\/idearsa.com.ar\/index.php?rest_route=\/wp\/v2\/media\/169"}],"wp:attachment":[{"href":"https:\/\/idearsa.com.ar\/index.php?rest_route=%2Fwp%2Fv2%2Fmedia&parent=168"}],"curies":[{"name":"wp","href":"https:\/\/api.w.org\/{rel}","templated":true}]}}