{"id":192,"date":"2005-01-22T12:43:52","date_gmt":"2005-01-22T12:43:52","guid":{"rendered":"http:\/\/idearsa.com.ar\/?page_id=192"},"modified":"2014-08-22T12:52:37","modified_gmt":"2014-08-22T12:52:37","slug":"planta-de-tratamiento-florencia","status":"publish","type":"page","link":"https:\/\/idearsa.com.ar\/?page_id=192","title":{"rendered":"Planta de tratamiento Florencia"},"content":{"rendered":"<p><strong>Proceso de tratamiento<\/strong><br \/>\nAeraci\u00f3n + Doble Filtraci\u00f3n Biol\u00f3gica (Proceso BioCIS-UNR\u00ae)<\/p>\n<p><strong>A\u00f1o de Inauguraci\u00f3n<br \/>\n<\/strong>2005<\/p>\n<p><strong>Caudal Tratado<\/strong><br \/>\n42 m3\/h<\/p>\n<p><strong>Poblaci\u00f3n\u00a0Abastecida<\/strong><br \/>\n5000 habitantes<\/p>\n<p><strong>Tipo de Construcci\u00f3n<\/strong><br \/>\nModular Compacta de Pl\u00e1stico Reforzado con Fibra de Vidrio<\/p>\n<p><strong>Hierro en agua cruda<\/strong><br \/>\n0,70 mg\/l<\/p>\n<p><strong>Manganeso en agua cruda<\/strong><br \/>\n0,40 mg\/l<\/p>\n<p><strong>Informaci\u00f3n de Contacto<\/strong><br \/>\nCooperativa de Provisi\u00f3n de Agua Potable de Florencia<br \/>\nTel.\/fax: +54-03482-491141<\/p>\n<p><a href=\"http:\/\/idearsa.com.ar\/wp-content\/uploads\/2014\/08\/Ficha-T\u00e9cnica-Florencia.pdf\" target=\"_blank\">Descargar Ficha T\u00e9cnica<\/a><\/p>\n","protected":false},"excerpt":{"rendered":"<p>A\u00f1o de inauguraci\u00f3n: 2005<br \/>Poblaci\u00f3n abastecida: 5000 habitantes<\/p>\n","protected":false},"author":2,"featured_media":193,"parent":89,"menu_order":0,"comment_status":"open","ping_status":"closed","template":"template-productos-plantas-construidas-mas-informacion.php","meta":{"_acf_changed":false,"footnotes":""},"class_list":["post-192","page","type-page","status-publish","has-post-thumbnail","hentry"],"acf":[],"_links":{"self":[{"href":"https:\/\/idearsa.com.ar\/index.php?rest_route=\/wp\/v2\/pages\/192","targetHints":{"allow":["GET"]}}],"collection":[{"href":"https:\/\/idearsa.com.ar\/index.php?rest_route=\/wp\/v2\/pages"}],"about":[{"href":"https:\/\/idearsa.com.ar\/index.php?rest_route=\/wp\/v2\/types\/page"}],"author":[{"embeddable":true,"href":"https:\/\/idearsa.com.ar\/index.php?rest_route=\/wp\/v2\/users\/2"}],"replies":[{"embeddable":true,"href":"https:\/\/idearsa.com.ar\/index.php?rest_route=%2Fwp%2Fv2%2Fcomments&post=192"}],"version-history":[{"count":2,"href":"https:\/\/idearsa.com.ar\/index.php?rest_route=\/wp\/v2\/pages\/192\/revisions"}],"predecessor-version":[{"id":197,"href":"https:\/\/idearsa.com.ar\/index.php?rest_route=\/wp\/v2\/pages\/192\/revisions\/197"}],"up":[{"embeddable":true,"href":"https:\/\/idearsa.com.ar\/index.php?rest_route=\/wp\/v2\/pages\/89"}],"wp:featuredmedia":[{"embeddable":true,"href":"https:\/\/idearsa.com.ar\/index.php?rest_route=\/wp\/v2\/media\/193"}],"wp:attachment":[{"href":"https:\/\/idearsa.com.ar\/index.php?rest_route=%2Fwp%2Fv2%2Fmedia&parent=192"}],"curies":[{"name":"wp","href":"https:\/\/api.w.org\/{rel}","templated":true}]}}