{"id":206,"date":"2009-01-22T13:09:07","date_gmt":"2009-01-22T13:09:07","guid":{"rendered":"http:\/\/idearsa.com.ar\/?page_id=206"},"modified":"2014-08-22T13:23:24","modified_gmt":"2014-08-22T13:23:24","slug":"planta-de-tratamiento-bo-fernandez-villa-constitucion","status":"publish","type":"page","link":"https:\/\/idearsa.com.ar\/?page_id=206","title":{"rendered":"Planta de tratamiento<br \/>B\u00ba Fern\u00e1ndez<br \/>Villa Constituci\u00f3n"},"content":{"rendered":"<p><strong>Proceso de tratamiento<\/strong><br \/>\nAeraci\u00f3n + Doble Filtraci\u00f3n Biol\u00f3gica (Proceso BioCIS-UNR\u00ae)<\/p>\n<p><strong>A\u00f1o de Inauguraci\u00f3n<br \/>\n<\/strong>2009<\/p>\n<p><strong>Caudal Tratado<\/strong><br \/>\n6,5 m3\/h<\/p>\n<p><strong>Poblaci\u00f3n\u00a0Abastecida<\/strong><br \/>\n600 habitantes<\/p>\n<p><strong>Tipo de Construcci\u00f3n<\/strong><br \/>\nModular Compacta de Pl\u00e1stico Reforzado con Fibra de Vidrio<\/p>\n<p><strong>Hierro total en agua cruda<\/strong><br \/>\n0,15 mg\/l<\/p>\n<p><strong>Manganeso total en agua cruda<\/strong><br \/>\n0,10 mg\/l<\/p>\n<p><strong>Informaci\u00f3n de Contacto<\/strong><br \/>\nEnte Aut\u00e1rquico Municipal de Obras Sanitarias-Villa Constituci\u00f3n<br \/>\nTel.\/fax: +54-03400-474608<\/p>\n<p><a href=\"http:\/\/idearsa.com.ar\/wp-content\/uploads\/2014\/08\/Ficha-T\u00e9cnica-Planta-Brio-Fernandez-VC.pdf\" target=\"_blank\">Descargar Ficha T\u00e9cnica<\/a><\/p>\n","protected":false},"excerpt":{"rendered":"<p>A\u00f1o de inauguraci\u00f3n: 2009<br \/>Poblaci\u00f3n abastecida: 600 habitantes<\/p>\n","protected":false},"author":2,"featured_media":208,"parent":89,"menu_order":0,"comment_status":"open","ping_status":"closed","template":"template-productos-plantas-construidas-mas-informacion.php","meta":{"_acf_changed":false,"footnotes":""},"class_list":["post-206","page","type-page","status-publish","has-post-thumbnail","hentry"],"acf":[],"_links":{"self":[{"href":"https:\/\/idearsa.com.ar\/index.php?rest_route=\/wp\/v2\/pages\/206","targetHints":{"allow":["GET"]}}],"collection":[{"href":"https:\/\/idearsa.com.ar\/index.php?rest_route=\/wp\/v2\/pages"}],"about":[{"href":"https:\/\/idearsa.com.ar\/index.php?rest_route=\/wp\/v2\/types\/page"}],"author":[{"embeddable":true,"href":"https:\/\/idearsa.com.ar\/index.php?rest_route=\/wp\/v2\/users\/2"}],"replies":[{"embeddable":true,"href":"https:\/\/idearsa.com.ar\/index.php?rest_route=%2Fwp%2Fv2%2Fcomments&post=206"}],"version-history":[{"count":4,"href":"https:\/\/idearsa.com.ar\/index.php?rest_route=\/wp\/v2\/pages\/206\/revisions"}],"predecessor-version":[{"id":213,"href":"https:\/\/idearsa.com.ar\/index.php?rest_route=\/wp\/v2\/pages\/206\/revisions\/213"}],"up":[{"embeddable":true,"href":"https:\/\/idearsa.com.ar\/index.php?rest_route=\/wp\/v2\/pages\/89"}],"wp:featuredmedia":[{"embeddable":true,"href":"https:\/\/idearsa.com.ar\/index.php?rest_route=\/wp\/v2\/media\/208"}],"wp:attachment":[{"href":"https:\/\/idearsa.com.ar\/index.php?rest_route=%2Fwp%2Fv2%2Fmedia&parent=206"}],"curies":[{"name":"wp","href":"https:\/\/api.w.org\/{rel}","templated":true}]}}