{"id":214,"date":"2011-01-22T13:25:00","date_gmt":"2011-01-22T13:25:00","guid":{"rendered":"http:\/\/idearsa.com.ar\/?page_id=214"},"modified":"2014-08-22T13:38:41","modified_gmt":"2014-08-22T13:38:41","slug":"planta-de-tratamiento-las-toscas","status":"publish","type":"page","link":"https:\/\/idearsa.com.ar\/?page_id=214","title":{"rendered":"Planta de tratamiento Las Toscas"},"content":{"rendered":"<p><strong>Proceso de tratamiento<\/strong><br \/>\nAeraci\u00f3n + Doble Filtraci\u00f3n Biol\u00f3gica (Proceso BioCIS-UNR\u00ae)<\/p>\n<p><strong>A\u00f1o de Inauguraci\u00f3n<br \/>\n<\/strong>2011<\/p>\n<p><strong>Caudal Tratado<\/strong><br \/>\n100-150 m3\/h<\/p>\n<p><strong>Poblaci\u00f3n\u00a0Abastecida<\/strong><br \/>\n14000 habitantes<\/p>\n<p><strong>Tipo de Construcci\u00f3n<\/strong><br \/>\nReformulaci\u00f3n planta existente. Reactor de acero recubierto con PRFV-Filtros r\u00e1pidos a presi\u00f3n de acero<\/p>\n<p><strong>Hierro en agua cruda-tratada<\/strong><br \/>\n1,00 mg\/l &#8211; &lt; 0,02 mg\/l<\/p>\n<p><strong>Manganeso en agua cruda-tratada<\/strong><br \/>\n0,40 mg\/l &#8211; &lt; 0,05 mg\/l<\/p>\n<p><strong>Informaci\u00f3n de Contacto<\/strong><br \/>\nCODESELT. Cooperativa de Servicios P\u00fablicos de Las Toscas Ltda.<br \/>\nTel.\/fax: +54-03482-492148<\/p>\n<p><a href=\"http:\/\/idearsa.com.ar\/wp-content\/uploads\/2014\/08\/Ficha-T\u00e9cnica-Las-Toscas.pdf\" target=\"_blank\">Descargar Ficha T\u00e9cnica<\/a><\/p>\n","protected":false},"excerpt":{"rendered":"<p>Transformaci\u00f3n de planta fisicoqu\u00edmica existente<\/p>\n","protected":false},"author":2,"featured_media":216,"parent":89,"menu_order":0,"comment_status":"open","ping_status":"closed","template":"template-productos-plantas-construidas-mas-informacion.php","meta":{"_acf_changed":false,"footnotes":""},"class_list":["post-214","page","type-page","status-publish","has-post-thumbnail","hentry"],"acf":[],"_links":{"self":[{"href":"https:\/\/idearsa.com.ar\/index.php?rest_route=\/wp\/v2\/pages\/214","targetHints":{"allow":["GET"]}}],"collection":[{"href":"https:\/\/idearsa.com.ar\/index.php?rest_route=\/wp\/v2\/pages"}],"about":[{"href":"https:\/\/idearsa.com.ar\/index.php?rest_route=\/wp\/v2\/types\/page"}],"author":[{"embeddable":true,"href":"https:\/\/idearsa.com.ar\/index.php?rest_route=\/wp\/v2\/users\/2"}],"replies":[{"embeddable":true,"href":"https:\/\/idearsa.com.ar\/index.php?rest_route=%2Fwp%2Fv2%2Fcomments&post=214"}],"version-history":[{"count":1,"href":"https:\/\/idearsa.com.ar\/index.php?rest_route=\/wp\/v2\/pages\/214\/revisions"}],"predecessor-version":[{"id":218,"href":"https:\/\/idearsa.com.ar\/index.php?rest_route=\/wp\/v2\/pages\/214\/revisions\/218"}],"up":[{"embeddable":true,"href":"https:\/\/idearsa.com.ar\/index.php?rest_route=\/wp\/v2\/pages\/89"}],"wp:featuredmedia":[{"embeddable":true,"href":"https:\/\/idearsa.com.ar\/index.php?rest_route=\/wp\/v2\/media\/216"}],"wp:attachment":[{"href":"https:\/\/idearsa.com.ar\/index.php?rest_route=%2Fwp%2Fv2%2Fmedia&parent=214"}],"curies":[{"name":"wp","href":"https:\/\/api.w.org\/{rel}","templated":true}]}}