{"id":224,"date":"2013-01-22T14:18:51","date_gmt":"2013-01-22T14:18:51","guid":{"rendered":"http:\/\/idearsa.com.ar\/?page_id=224"},"modified":"2014-08-22T14:28:42","modified_gmt":"2014-08-22T14:28:42","slug":"planta-de-tratamiento-villa-ocampo","status":"publish","type":"page","link":"https:\/\/idearsa.com.ar\/?page_id=224","title":{"rendered":"Planta de tratamiento Villa Ocampo"},"content":{"rendered":"<p><strong>Proceso de tratamiento<\/strong><br \/>\nAeraci\u00f3n + Doble Filtraci\u00f3n Biol\u00f3gica (Proceso BioCIS-UNR\u00ae)<\/p>\n<p><strong>A\u00f1o de Inauguraci\u00f3n<br \/>\n<\/strong>2013<\/p>\n<p><strong>Caudal Tratado<\/strong><br \/>\n120 m3\/h<\/p>\n<p><strong>Poblaci\u00f3n\u00a0Abastecida<\/strong><br \/>\n22.000 habitantes<\/p>\n<p><strong>Tipo de Construcci\u00f3n<\/strong><br \/>\nTransformaci\u00f3n planta existente. Modular en hormig\u00f3n armado in situ y PRFV<\/p>\n<p><strong>Hierro en agua cruda<\/strong><br \/>\n2,00 mg\/l<\/p>\n<p><strong>Manganeso en agua cruda<\/strong><br \/>\n0,40 mg\/l<\/p>\n<p><strong>Informaci\u00f3n de Contacto<\/strong><br \/>\nCOTELVO Ltda.<br \/>\nTel.\/fax: +54-03482-468000<\/p>\n<p><a href=\"http:\/\/idearsa.com.ar\/wp-content\/uploads\/2014\/08\/Ficha-T\u00e9cnica-Villa-Ocampo.pdf\" target=\"_blank\">Descargar Ficha T\u00e9cnica<\/a><\/p>\n","protected":false},"excerpt":{"rendered":"<p>Transformaci\u00f3n de planta existente<\/p>\n","protected":false},"author":2,"featured_media":226,"parent":89,"menu_order":0,"comment_status":"open","ping_status":"closed","template":"template-productos-plantas-construidas-mas-informacion.php","meta":{"_acf_changed":false,"footnotes":""},"class_list":["post-224","page","type-page","status-publish","has-post-thumbnail","hentry"],"acf":[],"_links":{"self":[{"href":"https:\/\/idearsa.com.ar\/index.php?rest_route=\/wp\/v2\/pages\/224","targetHints":{"allow":["GET"]}}],"collection":[{"href":"https:\/\/idearsa.com.ar\/index.php?rest_route=\/wp\/v2\/pages"}],"about":[{"href":"https:\/\/idearsa.com.ar\/index.php?rest_route=\/wp\/v2\/types\/page"}],"author":[{"embeddable":true,"href":"https:\/\/idearsa.com.ar\/index.php?rest_route=\/wp\/v2\/users\/2"}],"replies":[{"embeddable":true,"href":"https:\/\/idearsa.com.ar\/index.php?rest_route=%2Fwp%2Fv2%2Fcomments&post=224"}],"version-history":[{"count":1,"href":"https:\/\/idearsa.com.ar\/index.php?rest_route=\/wp\/v2\/pages\/224\/revisions"}],"predecessor-version":[{"id":228,"href":"https:\/\/idearsa.com.ar\/index.php?rest_route=\/wp\/v2\/pages\/224\/revisions\/228"}],"up":[{"embeddable":true,"href":"https:\/\/idearsa.com.ar\/index.php?rest_route=\/wp\/v2\/pages\/89"}],"wp:featuredmedia":[{"embeddable":true,"href":"https:\/\/idearsa.com.ar\/index.php?rest_route=\/wp\/v2\/media\/226"}],"wp:attachment":[{"href":"https:\/\/idearsa.com.ar\/index.php?rest_route=%2Fwp%2Fv2%2Fmedia&parent=224"}],"curies":[{"name":"wp","href":"https:\/\/api.w.org\/{rel}","templated":true}]}}