{"id":405,"date":"2016-11-01T14:05:51","date_gmt":"2016-11-01T14:05:51","guid":{"rendered":"http:\/\/idearsa.com.ar\/?page_id=405"},"modified":"2016-11-01T14:18:24","modified_gmt":"2016-11-01T14:18:24","slug":"planta-de-tratamiento-villa-ana-2","status":"publish","type":"page","link":"https:\/\/idearsa.com.ar\/?page_id=405","title":{"rendered":"Planta de tratamiento Villa Ana"},"content":{"rendered":"<p><strong>Proceso de tratamiento<\/strong><\/p>\n<p>Aeraci\u00f3n + Doble Filtraci\u00f3n Biol\u00f3gica<\/p>\n<p>(Proceso BioCIS-UNR\u00ae)<\/p>\n<p><strong>A\u00f1o de Inauguraci\u00f3n<\/strong><\/p>\n<p>2014<\/p>\n<p><strong>Caudal Tratado<\/strong><\/p>\n<p>150\u00a0 m<sup>3<\/sup>\/h<\/p>\n<p><strong>Poblaci\u00f3n Abastecida<\/strong><\/p>\n<p>11.000 habitantes<\/p>\n<p><strong>Tipo de Construcci\u00f3n<\/strong><\/p>\n<p>Modular PRFV<\/p>\n<p><strong>\u00a0<\/strong><strong>Hierro agua cruda-tratada<\/strong><\/p>\n<p>0,25 mg\/l &#8212;-&lt;0,05 mg\/L<\/p>\n<p><strong>Manganeso agua cruda-tratada<\/strong><\/p>\n<p>0,27 mg\/l&#8212;&#8211;&lt;0,05mg\/L<\/p>\n<p><strong>\u00a0<\/strong><strong>Informaci\u00f3n de Contacto :<\/strong><\/p>\n<p>Ministerio de Aguas, Servicios P\u00fablicos y Medio Ambiente \u2013 Prov. de Santa Fe<\/p>\n<p>Tel.fax: +54-0341-472117<\/p>\n<p>JCR SA &#8211; Proyecci\u00f3n Electroluz SRL- Uni\u00f3n Transitoria de Empresas<\/p>\n<p>tel.\/fax: +54-03482-421940<\/p>\n<p><a href=\"http:\/\/idearsa.com.ar\/wp-content\/uploads\/2016\/11\/Descargar-Ficha-T\u00e9cnica.pdf\">Descargar Ficha T\u00e9cnica<\/a><\/p>\n","protected":false},"excerpt":{"rendered":"<p>A\u00f1o de inauguraci\u00f3n: 2014<br \/>Poblaci\u00f3n abastecida: 11.000 habitantes<\/p>\n","protected":false},"author":2,"featured_media":398,"parent":89,"menu_order":0,"comment_status":"open","ping_status":"closed","template":"template-productos-plantas-construidas-mas-informacion.php","meta":{"_acf_changed":false,"footnotes":""},"class_list":["post-405","page","type-page","status-publish","has-post-thumbnail","hentry"],"acf":[],"_links":{"self":[{"href":"https:\/\/idearsa.com.ar\/index.php?rest_route=\/wp\/v2\/pages\/405","targetHints":{"allow":["GET"]}}],"collection":[{"href":"https:\/\/idearsa.com.ar\/index.php?rest_route=\/wp\/v2\/pages"}],"about":[{"href":"https:\/\/idearsa.com.ar\/index.php?rest_route=\/wp\/v2\/types\/page"}],"author":[{"embeddable":true,"href":"https:\/\/idearsa.com.ar\/index.php?rest_route=\/wp\/v2\/users\/2"}],"replies":[{"embeddable":true,"href":"https:\/\/idearsa.com.ar\/index.php?rest_route=%2Fwp%2Fv2%2Fcomments&post=405"}],"version-history":[{"count":14,"href":"https:\/\/idearsa.com.ar\/index.php?rest_route=\/wp\/v2\/pages\/405\/revisions"}],"predecessor-version":[{"id":434,"href":"https:\/\/idearsa.com.ar\/index.php?rest_route=\/wp\/v2\/pages\/405\/revisions\/434"}],"up":[{"embeddable":true,"href":"https:\/\/idearsa.com.ar\/index.php?rest_route=\/wp\/v2\/pages\/89"}],"wp:featuredmedia":[{"embeddable":true,"href":"https:\/\/idearsa.com.ar\/index.php?rest_route=\/wp\/v2\/media\/398"}],"wp:attachment":[{"href":"https:\/\/idearsa.com.ar\/index.php?rest_route=%2Fwp%2Fv2%2Fmedia&parent=405"}],"curies":[{"name":"wp","href":"https:\/\/api.w.org\/{rel}","templated":true}]}}