{"id":422,"date":"2016-11-01T14:10:18","date_gmt":"2016-11-01T14:10:18","guid":{"rendered":"http:\/\/idearsa.com.ar\/?page_id=422"},"modified":"2016-11-01T14:16:57","modified_gmt":"2016-11-01T14:16:57","slug":"planta-de-tratamiento-pirayui","status":"publish","type":"page","link":"https:\/\/idearsa.com.ar\/?page_id=422","title":{"rendered":"Planta de tratamiento Pirayui"},"content":{"rendered":"<p><strong>Proceso de tratamiento<\/strong><\/p>\n<p>Aeraci\u00f3n + Filtraci\u00f3n R\u00e1pida Biol\u00f3gica<\/p>\n<p>(Proceso BioCIS-UNR\u00ae)<\/p>\n<p><strong>A\u00f1o de Inauguraci\u00f3n<\/strong><\/p>\n<p>2015-puesta en marcha<\/p>\n<p><strong>Caudal Tratado<\/strong><\/p>\n<p>320\u00a0 m<sup>3<\/sup>\/h<\/p>\n<p><strong>Poblaci\u00f3n Abastecida<\/strong><\/p>\n<p>25.000 habitantes<\/p>\n<p><strong>Tipo de Construcci\u00f3n<\/strong><\/p>\n<p>Modular PRFV<\/p>\n<p><strong>Hierro agua cruda-tratada<\/strong><\/p>\n<p>0,60 mg\/l &#8212;-&lt;0,05 mg\/L<\/p>\n<p><strong>Informaci\u00f3n de Contacto :<\/strong><\/p>\n<p>Aguas de Corrientes S.A.<\/p>\n<p>(Ing. Javier Hertler)<\/p>\n<p>tel.\/fax: +54-0379-4422980<\/p>\n<p><strong>\u00a0<\/strong><a href=\"http:\/\/idearsa.com.ar\/wp-content\/uploads\/2016\/11\/Descargar-Ficha-T\u00e9cnica1.pdf\">Descargar Ficha T\u00e9cnica<\/a><\/p>\n","protected":false},"excerpt":{"rendered":"<p>A\u00f1o de inauguraci\u00f3n: 2015<br \/>Poblaci\u00f3n abastecida: 25.000 habitantes<\/p>\n","protected":false},"author":2,"featured_media":425,"parent":89,"menu_order":0,"comment_status":"open","ping_status":"closed","template":"template-productos-plantas-construidas-mas-informacion.php","meta":{"_acf_changed":false,"footnotes":""},"class_list":["post-422","page","type-page","status-publish","has-post-thumbnail","hentry"],"acf":[],"_links":{"self":[{"href":"https:\/\/idearsa.com.ar\/index.php?rest_route=\/wp\/v2\/pages\/422","targetHints":{"allow":["GET"]}}],"collection":[{"href":"https:\/\/idearsa.com.ar\/index.php?rest_route=\/wp\/v2\/pages"}],"about":[{"href":"https:\/\/idearsa.com.ar\/index.php?rest_route=\/wp\/v2\/types\/page"}],"author":[{"embeddable":true,"href":"https:\/\/idearsa.com.ar\/index.php?rest_route=\/wp\/v2\/users\/2"}],"replies":[{"embeddable":true,"href":"https:\/\/idearsa.com.ar\/index.php?rest_route=%2Fwp%2Fv2%2Fcomments&post=422"}],"version-history":[{"count":6,"href":"https:\/\/idearsa.com.ar\/index.php?rest_route=\/wp\/v2\/pages\/422\/revisions"}],"predecessor-version":[{"id":433,"href":"https:\/\/idearsa.com.ar\/index.php?rest_route=\/wp\/v2\/pages\/422\/revisions\/433"}],"up":[{"embeddable":true,"href":"https:\/\/idearsa.com.ar\/index.php?rest_route=\/wp\/v2\/pages\/89"}],"wp:featuredmedia":[{"embeddable":true,"href":"https:\/\/idearsa.com.ar\/index.php?rest_route=\/wp\/v2\/media\/425"}],"wp:attachment":[{"href":"https:\/\/idearsa.com.ar\/index.php?rest_route=%2Fwp%2Fv2%2Fmedia&parent=422"}],"curies":[{"name":"wp","href":"https:\/\/api.w.org\/{rel}","templated":true}]}}