{"id":4470,"date":"2025-09-08T20:26:51","date_gmt":"2025-09-08T20:26:51","guid":{"rendered":"https:\/\/idearsa.com.ar\/?page_id=4470"},"modified":"2025-09-09T13:50:04","modified_gmt":"2025-09-09T13:50:04","slug":"planta-de-tratamiento-barrio-beron-de-astrada","status":"publish","type":"page","link":"https:\/\/idearsa.com.ar\/?page_id=4470","title":{"rendered":"Planta de tratamiento Barrio Ber\u00f3n de Astrada"},"content":{"rendered":"\n<p><strong>A\u00f1o de Inauguraci\u00f3n:<\/strong><strong><br><\/strong>2025<\/p>\n\n\n\n<p><strong>Caudal total procesado:<br><\/strong>340 m3\/h<\/p>\n\n\n\n<p><strong>Caudal modular tratado:<br><\/strong>85 m3\/h<\/p>\n\n\n\n<p><strong>Proceso de tratamiento<\/strong><strong><br><\/strong>Aireaci\u00f3n por l\u00ednea + Filtraci\u00f3n Biol\u00f3gica (Proceso BioCIS-UNR\u00ae)<\/p>\n\n\n\n<p><strong>Tipo de Construcci\u00f3n<\/strong><strong><br><\/strong>Modular PRFV<\/p>\n\n\n\n<p><strong>Informaci\u00f3n de Contacto<\/strong><strong><br><\/strong>Aguas de Corrientes S.A.<\/p>\n\n\n\n<p>Ing. Javier Hertler<\/p>\n","protected":false},"excerpt":{"rendered":"<p>A\u00f1o de Inauguraci\u00f3n: 2025<br \/>\nCaudal total procesado: 340 m3\/h<\/p>\n","protected":false},"author":2,"featured_media":4477,"parent":89,"menu_order":0,"comment_status":"closed","ping_status":"closed","template":"template-productos-plantas-construidas-mas-informacion.php","meta":{"_acf_changed":false,"footnotes":""},"class_list":["post-4470","page","type-page","status-publish","has-post-thumbnail","hentry"],"acf":[],"_links":{"self":[{"href":"https:\/\/idearsa.com.ar\/index.php?rest_route=\/wp\/v2\/pages\/4470","targetHints":{"allow":["GET"]}}],"collection":[{"href":"https:\/\/idearsa.com.ar\/index.php?rest_route=\/wp\/v2\/pages"}],"about":[{"href":"https:\/\/idearsa.com.ar\/index.php?rest_route=\/wp\/v2\/types\/page"}],"author":[{"embeddable":true,"href":"https:\/\/idearsa.com.ar\/index.php?rest_route=\/wp\/v2\/users\/2"}],"replies":[{"embeddable":true,"href":"https:\/\/idearsa.com.ar\/index.php?rest_route=%2Fwp%2Fv2%2Fcomments&post=4470"}],"version-history":[{"count":7,"href":"https:\/\/idearsa.com.ar\/index.php?rest_route=\/wp\/v2\/pages\/4470\/revisions"}],"predecessor-version":[{"id":4480,"href":"https:\/\/idearsa.com.ar\/index.php?rest_route=\/wp\/v2\/pages\/4470\/revisions\/4480"}],"up":[{"embeddable":true,"href":"https:\/\/idearsa.com.ar\/index.php?rest_route=\/wp\/v2\/pages\/89"}],"wp:featuredmedia":[{"embeddable":true,"href":"https:\/\/idearsa.com.ar\/index.php?rest_route=\/wp\/v2\/media\/4477"}],"wp:attachment":[{"href":"https:\/\/idearsa.com.ar\/index.php?rest_route=%2Fwp%2Fv2%2Fmedia&parent=4470"}],"curies":[{"name":"wp","href":"https:\/\/api.w.org\/{rel}","templated":true}]}}