{"id":4521,"date":"2019-01-05T19:37:28","date_gmt":"2019-01-05T19:37:28","guid":{"rendered":"https:\/\/idearsa.com.ar\/?page_id=4521"},"modified":"2025-09-16T19:10:28","modified_gmt":"2025-09-16T19:10:28","slug":"planta-potabilizadora-reconquista","status":"publish","type":"page","link":"https:\/\/idearsa.com.ar\/?page_id=4521","title":{"rendered":"Planta potabilizadora Reconquista"},"content":{"rendered":"<p>Proyecto ejecutivo, ingenier\u00eda de detalle y puesta en marcha: Planta potabilizadora y obras complementarias. (2015-2018)<\/p>\n<p>\u25cf <strong>Caudal de tratamiento: <\/strong>4.500 m\u00b3\/h<\/p>\n<p>\u25cf <strong>Poblaci\u00f3n abastecida:<\/strong> 276.000 habitantes<\/p>\n<p>\u25cf <strong>Proceso de tratamiento:<\/strong><br \/>\nM\u00f3dulo de potabilizaci\u00f3n de aguas superficiales mediante tratamiento convencional: coagulaci\u00f3n y floculaci\u00f3n mec\u00e1nica. Sedimentaci\u00f3n de alta carga. Filtraci\u00f3n r\u00e1pida en arena.<br \/>\nPlanta de tratamiento de efluentes de proceso: Tanque compensador, espesadoresy deshidrataci\u00f3n de barros.<\/p>\n<p>\u25cf <strong>Obras complementarias:<\/strong><br \/>\nCisterna de agua tratada (9.000 m3).<br \/>\nEdificio laboratorio y control (390 m\u00b2).<br \/>\nCasa qu\u00edmica (585 m\u00b2).<br \/>\nSaturadores y cisterna de agua de cal (400 m3).<br \/>\nEstaci\u00f3n bombeo agua potable (445 m\u00b2).<br \/>\nEstaci\u00f3n bombeo lavado (98 m\u00b2).<br \/>\nEdificio desinfecci\u00f3n (225 m\u00b2).<br \/>\nEdificio deshidratadora barros (345 m\u00b2).<br \/>\nTaller -pa\u00f1ol (354 m\u00b2).<\/p>\n<p>\u25cf <strong>Ejecuci\u00f3n de obra:<\/strong><br \/>\nJCR SA \u2013Proyecci\u00f3n ElectroluzSRL \u2013UTE<br \/>\nSistema de Grandes Acueductos de la Provincia de Santa Fe Cr\u00e9dito del Fondo Kuwait\u00ed para el Desarrollo \u00c1rabe<\/p>\n","protected":false},"excerpt":{"rendered":"<p>Proyecto ejecutivo, ingenier\u00eda de detalle y puesta en marcha:<br \/>Planta potabilizadora y obras complementarias. (2015-2018) <\/p>\n<p>\u25cf Caudal de tratamiento: 4.500 m\u00b3\/h<br \/>\n\u25cf Poblaci\u00f3n abastecida: 276.000 hab.<\/p>\n","protected":false},"author":2,"featured_media":4523,"parent":4489,"menu_order":0,"comment_status":"closed","ping_status":"closed","template":"template-productos-plantas-construidas-mas-informacion.php","meta":{"_acf_changed":false,"footnotes":""},"class_list":["post-4521","page","type-page","status-publish","has-post-thumbnail","hentry"],"acf":[],"_links":{"self":[{"href":"https:\/\/idearsa.com.ar\/index.php?rest_route=\/wp\/v2\/pages\/4521","targetHints":{"allow":["GET"]}}],"collection":[{"href":"https:\/\/idearsa.com.ar\/index.php?rest_route=\/wp\/v2\/pages"}],"about":[{"href":"https:\/\/idearsa.com.ar\/index.php?rest_route=\/wp\/v2\/types\/page"}],"author":[{"embeddable":true,"href":"https:\/\/idearsa.com.ar\/index.php?rest_route=\/wp\/v2\/users\/2"}],"replies":[{"embeddable":true,"href":"https:\/\/idearsa.com.ar\/index.php?rest_route=%2Fwp%2Fv2%2Fcomments&post=4521"}],"version-history":[{"count":9,"href":"https:\/\/idearsa.com.ar\/index.php?rest_route=\/wp\/v2\/pages\/4521\/revisions"}],"predecessor-version":[{"id":4636,"href":"https:\/\/idearsa.com.ar\/index.php?rest_route=\/wp\/v2\/pages\/4521\/revisions\/4636"}],"up":[{"embeddable":true,"href":"https:\/\/idearsa.com.ar\/index.php?rest_route=\/wp\/v2\/pages\/4489"}],"wp:featuredmedia":[{"embeddable":true,"href":"https:\/\/idearsa.com.ar\/index.php?rest_route=\/wp\/v2\/media\/4523"}],"wp:attachment":[{"href":"https:\/\/idearsa.com.ar\/index.php?rest_route=%2Fwp%2Fv2%2Fmedia&parent=4521"}],"curies":[{"name":"wp","href":"https:\/\/api.w.org\/{rel}","templated":true}]}}