{"id":4597,"date":"2025-09-12T19:01:38","date_gmt":"2025-09-12T19:01:38","guid":{"rendered":"https:\/\/idearsa.com.ar\/?page_id=4597"},"modified":"2025-09-12T20:14:36","modified_gmt":"2025-09-12T20:14:36","slug":"planta-depuradora-de-efluentes-cloacales-gualeguaychu","status":"publish","type":"page","link":"https:\/\/idearsa.com.ar\/?page_id=4597","title":{"rendered":"Planta depuradora de efluentes cloacales Gualeguaych\u00fa"},"content":{"rendered":"<p>Proyecto Ejecutivo e Ingenier\u00eda de detalle:<\/p>\n<p>Optimizaci\u00f3n y ampliaci\u00f3n planta depuradora de efluentes cloacales domiciliarios y ampliaci\u00f3n de la red cloacal (2021).<\/p>\n<p>\u25cf <strong>Caudal de tratamiento:<\/strong> 1.350 m\u00b3\/h.<\/p>\n<p>\u25cf <strong>Poblaci\u00f3n abastecida:<\/strong> 158.000 habitantes.<\/p>\n<p>\u25cf <strong>Etapas de tratamiento:<\/strong><br \/>\nCanal de rejas autom\u00e1ticas, estaci\u00f3n elevadora, desarenador, tercera l\u00ednea de lagunas aireadas y lagunas de sedimentaci\u00f3n y desinfecci\u00f3n.<\/p>\n<p>\u25cf <strong>Obras Complementarias:<\/strong><br \/>\n&#8211; Reparaci\u00f3n y ampliaci\u00f3n de edificio de sala de comandos y sala de cloraci\u00f3n.<br \/>\n&#8211; Ampliaci\u00f3n red cloacal, estaciones elevadoras (E.E.) e impulsiones en diferentes sectores de la ciudad.<br \/>\n&#8211; Sistema de extracci\u00f3n y tratamiento de barros. Playa de secado con geo-contenedores.<br \/>\n&#8211; Asistencia t\u00e9cnica para el reemplazo de equipos existentes.<\/p>\n<p>\u25cf <strong>Emisario:<\/strong><br \/>\nPEAD Corrugado \u2013Di\u00e1metro 800 mm \u2013Long. 800m.<br \/>\nDescarga del efluente tratado en en el r\u00edo Gualeguaych\u00fa.<\/p>\n<p>\u25cf <strong>Comitente:<\/strong><br \/>\nGinsaS.A. (Cr\u00e9dito BID Programa de Saneamiento Integral de las ciudades de la cuencadel R\u00edo Uruguay)<\/p>\n","protected":false},"excerpt":{"rendered":"<p>Optimizaci\u00f3n y ampliaci\u00f3n planta depuradora de efluentes cloacales domiciliarios y ampliaci\u00f3n de la red cloacal (2021).<\/p>\n<p>\u25cf Caudal de tratamiento: 1.350 m\u00b3\/h.<br \/>\n\u25cf Poblaci\u00f3n abastecida: 158.000 hab.<\/p>\n","protected":false},"author":2,"featured_media":4598,"parent":4595,"menu_order":0,"comment_status":"closed","ping_status":"closed","template":"template-productos-plantas-construidas-mas-informacion.php","meta":{"_acf_changed":false,"footnotes":""},"class_list":["post-4597","page","type-page","status-publish","has-post-thumbnail","hentry"],"acf":[],"_links":{"self":[{"href":"https:\/\/idearsa.com.ar\/index.php?rest_route=\/wp\/v2\/pages\/4597","targetHints":{"allow":["GET"]}}],"collection":[{"href":"https:\/\/idearsa.com.ar\/index.php?rest_route=\/wp\/v2\/pages"}],"about":[{"href":"https:\/\/idearsa.com.ar\/index.php?rest_route=\/wp\/v2\/types\/page"}],"author":[{"embeddable":true,"href":"https:\/\/idearsa.com.ar\/index.php?rest_route=\/wp\/v2\/users\/2"}],"replies":[{"embeddable":true,"href":"https:\/\/idearsa.com.ar\/index.php?rest_route=%2Fwp%2Fv2%2Fcomments&post=4597"}],"version-history":[{"count":16,"href":"https:\/\/idearsa.com.ar\/index.php?rest_route=\/wp\/v2\/pages\/4597\/revisions"}],"predecessor-version":[{"id":4633,"href":"https:\/\/idearsa.com.ar\/index.php?rest_route=\/wp\/v2\/pages\/4597\/revisions\/4633"}],"up":[{"embeddable":true,"href":"https:\/\/idearsa.com.ar\/index.php?rest_route=\/wp\/v2\/pages\/4595"}],"wp:featuredmedia":[{"embeddable":true,"href":"https:\/\/idearsa.com.ar\/index.php?rest_route=\/wp\/v2\/media\/4598"}],"wp:attachment":[{"href":"https:\/\/idearsa.com.ar\/index.php?rest_route=%2Fwp%2Fv2%2Fmedia&parent=4597"}],"curies":[{"name":"wp","href":"https:\/\/api.w.org\/{rel}","templated":true}]}}