{"id":4617,"date":"2025-09-12T20:04:08","date_gmt":"2025-09-12T20:04:08","guid":{"rendered":"https:\/\/idearsa.com.ar\/?page_id=4617"},"modified":"2025-09-12T20:12:29","modified_gmt":"2025-09-12T20:12:29","slug":"planta-depuradora-de-efluentes-cloacales-villaguay","status":"publish","type":"page","link":"https:\/\/idearsa.com.ar\/?page_id=4617","title":{"rendered":"Planta depuradora de efluentes cloacales Villaguay"},"content":{"rendered":"<p>Proyecto Ejecutivo e Ingenier\u00eda de detalle:<\/p>\n<p>Planta depuradora de efluentes cloacales domiciliarios mediante sistema de barros activados. Ampliaci\u00f3n del sistema de desag\u00fces cloacales.(2022).<\/p>\n<p>\u25cf <strong>Caudal de tratamiento:<\/strong> 1.206 m\u00b3\/h.<\/p>\n<p>\u25cf <strong>Poblaci\u00f3n abastecida:<\/strong> 71.715 habitantes.<\/p>\n<p>\u25cf <strong>Etapas de tratamiento:<\/strong><br \/>\nCanal de rejas mec\u00e1nicas, desarenador, sistema de barros activados (3 reactores biol\u00f3gicos + 3 sedimentadores secundarios + estaci\u00f3n de bombeo de recirculaci\u00f3n y purga de barros) y desinfecci\u00f3n.<\/p>\n<p>\u25cf <strong>Obras Complementarias:<\/strong><br \/>\n&#8211; Tratamiento de barros (espesado + deshidrataci\u00f3n mediante filtros banda).<br \/>\n&#8211; Estaci\u00f3n de bombeo pluvial.<br \/>\n&#8211; Edificios complementarios.<br \/>\n&#8211; Camino de acceso.<br \/>\n&#8211; Terrapl\u00e9n de defensa.<\/p>\n<p>\u25cf <strong>Emisario:<\/strong><br \/>\nPEAD Corrugado \u2013Di\u00e1metro 750 mm \u2013Long. 160m.<br \/>\nDescarga del efluente tratado en el Arroyo Villaguay.<\/p>\n<p>\u25cf <strong>Comitente:<\/strong><br \/>\nRovellaCarranza S.A.<\/p>\n","protected":false},"excerpt":{"rendered":"<p>Planta depuradora de efluentes cloacales domiciliarios mediante sistema de barros activados. Ampliaci\u00f3n del sistema de desag\u00fces cloacales (2022).<\/p>\n<p>\u25cf Caudal de tratamiento: 1.206 m\u00b3\/h.<br \/>\n\u25cf Poblaci\u00f3n abastecida: 71.715 hab.<\/p>\n","protected":false},"author":2,"featured_media":4621,"parent":4595,"menu_order":0,"comment_status":"closed","ping_status":"closed","template":"template-productos-plantas-construidas-mas-informacion.php","meta":{"_acf_changed":false,"footnotes":""},"class_list":["post-4617","page","type-page","status-publish","has-post-thumbnail","hentry"],"acf":[],"_links":{"self":[{"href":"https:\/\/idearsa.com.ar\/index.php?rest_route=\/wp\/v2\/pages\/4617","targetHints":{"allow":["GET"]}}],"collection":[{"href":"https:\/\/idearsa.com.ar\/index.php?rest_route=\/wp\/v2\/pages"}],"about":[{"href":"https:\/\/idearsa.com.ar\/index.php?rest_route=\/wp\/v2\/types\/page"}],"author":[{"embeddable":true,"href":"https:\/\/idearsa.com.ar\/index.php?rest_route=\/wp\/v2\/users\/2"}],"replies":[{"embeddable":true,"href":"https:\/\/idearsa.com.ar\/index.php?rest_route=%2Fwp%2Fv2%2Fcomments&post=4617"}],"version-history":[{"count":5,"href":"https:\/\/idearsa.com.ar\/index.php?rest_route=\/wp\/v2\/pages\/4617\/revisions"}],"predecessor-version":[{"id":4630,"href":"https:\/\/idearsa.com.ar\/index.php?rest_route=\/wp\/v2\/pages\/4617\/revisions\/4630"}],"up":[{"embeddable":true,"href":"https:\/\/idearsa.com.ar\/index.php?rest_route=\/wp\/v2\/pages\/4595"}],"wp:featuredmedia":[{"embeddable":true,"href":"https:\/\/idearsa.com.ar\/index.php?rest_route=\/wp\/v2\/media\/4621"}],"wp:attachment":[{"href":"https:\/\/idearsa.com.ar\/index.php?rest_route=%2Fwp%2Fv2%2Fmedia&parent=4617"}],"curies":[{"name":"wp","href":"https:\/\/api.w.org\/{rel}","templated":true}]}}