{"id":4645,"date":"2025-09-16T19:21:40","date_gmt":"2025-09-16T19:21:40","guid":{"rendered":"https:\/\/idearsa.com.ar\/?page_id=4645"},"modified":"2025-09-16T19:34:25","modified_gmt":"2025-09-16T19:34:25","slug":"ampliacion-planta-potabilizadora-ciudad-de-santa-fe","status":"publish","type":"page","link":"https:\/\/idearsa.com.ar\/?page_id=4645","title":{"rendered":"Ampliaci\u00f3n Planta Potabilizadora Ciudad de Santa Fe"},"content":{"rendered":"<p><strong>Proyecto ejecutivo e ingenier\u00eda de detalle:<\/strong><\/p>\n<p>Nueva planta potabilizadora y obras complementarias (2022-en ejecuci\u00f3n)<\/p>\n<ul>\n<li><strong>Caudal de tratamiento<\/strong><b>: <\/b>6.250 m\u00b3\/h<\/li>\n<li><strong>Poblaci\u00f3n abastecida:<\/strong> 520.000 hab.<\/li>\n<li><strong>Obra de Toma:<\/strong><b> <\/b><\/li>\n<\/ul>\n<p>Caudal total a captar (m\u00f3dulo existente m\u00e1s ampliaci\u00f3n): 14.500 m3\/h<\/p>\n<p>Sistema tipo muelle sobre R\u00edo Santa Fe.<\/p>\n<ul>\n<li><strong>Acueducto agua cruda:<\/strong><b> <\/b><\/li>\n<\/ul>\n<p>H\u00b0 D\u00factil- DN 1200mm-Long. 900m<\/p>\n<ul>\n<li><strong>Proceso de tratamiento:<\/strong><\/li>\n<\/ul>\n<p>M\u00f3dulo de potabilizaci\u00f3n de aguas superficiales mediante tratamiento de alta tasa: 2 l\u00edneas conformadas cada una por sendas unidades de coagulaci\u00f3n y decantaci\u00f3n acelerada, con recirculaci\u00f3n de lodos, m\u00e1s 8 filtros de arena de una cara.<\/p>\n<ul>\n<li><strong>Obras complementarias:<\/strong><\/li>\n<\/ul>\n<p>Edificio Laboratorio\u00a0 (1030 m\u00b2)<\/p>\n<p>Sala de Cloraci\u00f3n (428 m\u00b2)<\/p>\n<p>Sala de preparaci\u00f3n de agua de cal (578 m\u00b2)<\/p>\n<p>Sistema de tratamiento de lodos (135 m\u00b2)<\/p>\n<ul>\n<li><strong>Ejecuci\u00f3n de obra:<\/strong><\/li>\n<\/ul>\n<p>Supercemento S.A.I.C.<\/p>\n<p>ENOHSa (Ente Nacional de Obras H\u00eddricas de Saneamiento)<\/p>\n","protected":false},"excerpt":{"rendered":"<p>Proyecto ejecutivo e ingenier\u00eda de detalle: <br \/>\nNueva planta potabilizadora y obras complementarias (2022-en ejecuci\u00f3n)<\/p>\n<p>\u25cf Caudal de tratamiento: 6.250 m\u00b3\/h<br \/>\n\u25cf Poblaci\u00f3n abastecida: 520.000 hab.<\/p>\n","protected":false},"author":2,"featured_media":4648,"parent":4489,"menu_order":0,"comment_status":"closed","ping_status":"closed","template":"template-productos-plantas-construidas-mas-informacion.php","meta":{"_acf_changed":false,"footnotes":""},"class_list":["post-4645","page","type-page","status-publish","has-post-thumbnail","hentry"],"acf":[],"_links":{"self":[{"href":"https:\/\/idearsa.com.ar\/index.php?rest_route=\/wp\/v2\/pages\/4645","targetHints":{"allow":["GET"]}}],"collection":[{"href":"https:\/\/idearsa.com.ar\/index.php?rest_route=\/wp\/v2\/pages"}],"about":[{"href":"https:\/\/idearsa.com.ar\/index.php?rest_route=\/wp\/v2\/types\/page"}],"author":[{"embeddable":true,"href":"https:\/\/idearsa.com.ar\/index.php?rest_route=\/wp\/v2\/users\/2"}],"replies":[{"embeddable":true,"href":"https:\/\/idearsa.com.ar\/index.php?rest_route=%2Fwp%2Fv2%2Fcomments&post=4645"}],"version-history":[{"count":6,"href":"https:\/\/idearsa.com.ar\/index.php?rest_route=\/wp\/v2\/pages\/4645\/revisions"}],"predecessor-version":[{"id":4657,"href":"https:\/\/idearsa.com.ar\/index.php?rest_route=\/wp\/v2\/pages\/4645\/revisions\/4657"}],"up":[{"embeddable":true,"href":"https:\/\/idearsa.com.ar\/index.php?rest_route=\/wp\/v2\/pages\/4489"}],"wp:featuredmedia":[{"embeddable":true,"href":"https:\/\/idearsa.com.ar\/index.php?rest_route=\/wp\/v2\/media\/4648"}],"wp:attachment":[{"href":"https:\/\/idearsa.com.ar\/index.php?rest_route=%2Fwp%2Fv2%2Fmedia&parent=4645"}],"curies":[{"name":"wp","href":"https:\/\/api.w.org\/{rel}","templated":true}]}}