{"id":4665,"date":"2025-09-16T19:41:38","date_gmt":"2025-09-16T19:41:38","guid":{"rendered":"https:\/\/idearsa.com.ar\/?page_id=4665"},"modified":"2025-09-23T20:56:08","modified_gmt":"2025-09-23T20:56:08","slug":"acueducto-san-lorenzo","status":"publish","type":"page","link":"https:\/\/idearsa.com.ar\/?page_id=4665","title":{"rendered":"ACUEDUCTO SAN LORENZO"},"content":{"rendered":"<p><strong>Proyecto ejecutivo e ingenier\u00eda de detalle:<\/strong><\/p>\n<p><b> <\/b>Acueducto San Lorenzo y Obras Complementarias (2018-2019)<\/p>\n<p>Sistema de bombeo de agua proveniente de la planta potabilizadora de Granadero Baigorria a trav\u00e9s del acueducto Granadero Baigorria \u2013 Capit\u00e1n Berm\u00fadez, desde la cisterna de \u00e9sta \u00faltima localidad hacia la ciudad de San Lorenzo.<\/p>\n<ul>\n<li>Sistema de by-pass (incluye bombeo y sala de bombas) y <strong>c\u00e1maras de manipuleo de v\u00e1lvulas<\/strong> para reparaci\u00f3n de cisterna de Capit\u00e1n Berm\u00fadez. Estaci\u00f3n de bombeo cap. final instalada 102 HP.<\/li>\n<li><strong>Acueducto <\/strong>San Lorenzo: H\u00baD\u00factil-DN600mm-Long. 10 km. <strong>Verificaci\u00f3n de impermanentes.<\/strong><\/li>\n<li>Nuevo <strong>centro de distribuci\u00f3n<\/strong> de San Lorenzo. Cisterna agua tratada cap. 4000 m3. <strong>Estaci\u00f3n de bombeo<\/strong> cap. final instalada: 415 HP.<\/li>\n<li>Refuerzo de Red Norte: H\u00baD\u00factil-DN 500mm- Long. 1,2 km. Refuerzo de Red Sur: PVC-DN315mm-Long. 1,3 km. Acueducto de Interconexi\u00f3n de Pozos: PVC-DN355mm-Long. 500 m. Verificaci\u00f3n de impermanentes.<\/li>\n<li><strong>Sistema antiariete<\/strong> para adecuaci\u00f3n del sistema Granadero Baigorria \u2013 Capit\u00e1n Berm\u00fadez.<\/li>\n<\/ul>\n<p>&nbsp;<\/p>\n<ul>\n<li><strong>Ejecuci\u00f3n de obra:<\/strong><\/li>\n<\/ul>\n<p>PECAM S.A. \u2013 BRAJKOVIC S.A.I. \u2013 AC. SAN LORENZO U.T.<\/p>\n<p>Aguas Santafesinas S.A.<\/p>\n","protected":false},"excerpt":{"rendered":"<p>Proyecto ejecutivo e ingenier\u00eda de detalle: <br \/>Acueducto San Lorenzo y Obras Complementarias <\/p>\n<p>2018 &#8211; 2019<\/p>\n","protected":false},"author":2,"featured_media":4678,"parent":4659,"menu_order":0,"comment_status":"closed","ping_status":"closed","template":"template-productos-plantas-construidas-mas-informacion.php","meta":{"_acf_changed":false,"footnotes":""},"class_list":["post-4665","page","type-page","status-publish","has-post-thumbnail","hentry"],"acf":[],"_links":{"self":[{"href":"https:\/\/idearsa.com.ar\/index.php?rest_route=\/wp\/v2\/pages\/4665","targetHints":{"allow":["GET"]}}],"collection":[{"href":"https:\/\/idearsa.com.ar\/index.php?rest_route=\/wp\/v2\/pages"}],"about":[{"href":"https:\/\/idearsa.com.ar\/index.php?rest_route=\/wp\/v2\/types\/page"}],"author":[{"embeddable":true,"href":"https:\/\/idearsa.com.ar\/index.php?rest_route=\/wp\/v2\/users\/2"}],"replies":[{"embeddable":true,"href":"https:\/\/idearsa.com.ar\/index.php?rest_route=%2Fwp%2Fv2%2Fcomments&post=4665"}],"version-history":[{"count":9,"href":"https:\/\/idearsa.com.ar\/index.php?rest_route=\/wp\/v2\/pages\/4665\/revisions"}],"predecessor-version":[{"id":4714,"href":"https:\/\/idearsa.com.ar\/index.php?rest_route=\/wp\/v2\/pages\/4665\/revisions\/4714"}],"up":[{"embeddable":true,"href":"https:\/\/idearsa.com.ar\/index.php?rest_route=\/wp\/v2\/pages\/4659"}],"wp:featuredmedia":[{"embeddable":true,"href":"https:\/\/idearsa.com.ar\/index.php?rest_route=\/wp\/v2\/media\/4678"}],"wp:attachment":[{"href":"https:\/\/idearsa.com.ar\/index.php?rest_route=%2Fwp%2Fv2%2Fmedia&parent=4665"}],"curies":[{"name":"wp","href":"https:\/\/api.w.org\/{rel}","templated":true}]}}