{"id":4690,"date":"2025-09-23T20:29:17","date_gmt":"2025-09-23T20:29:17","guid":{"rendered":"https:\/\/idearsa.com.ar\/?page_id=4690"},"modified":"2025-09-23T20:54:50","modified_gmt":"2025-09-23T20:54:50","slug":"acueducto-agua-cruda","status":"publish","type":"page","link":"https:\/\/idearsa.com.ar\/?page_id=4690","title":{"rendered":"ACUEDUCTO AGUA CRUDA"},"content":{"rendered":"\n<p><strong>AMPLIACI\u00d3N PLANTA POTABILIZADORA<\/strong> <strong>CIUDAD DE SANTA FE<\/strong><\/p>\n\n\n<p><strong>Proyecto ejecutivo e ingenier\u00eda de detalle:<\/strong><\/p>\n<p>Nueva planta potabilizadora y obras complementarias (2022-en ejecuci\u00f3n)<\/p>\n<ul>\n<li><strong>Caudal de tratamiento:<\/strong> 6.250 m\u00b3\/h<\/li>\n<li><strong>Poblaci\u00f3n abastecida:<\/strong> 520.000 habitantes<\/li>\n<li><strong>Obra de Toma:<\/strong><b> <\/b><\/li>\n<\/ul>\n<p>Caudal total a captar (m\u00f3dulo existente m\u00e1s ampliaci\u00f3n): 14.500 m3\/h<\/p>\n<p>Sistema tipo muelle sobre R\u00edo Santa Fe.<\/p>\n<ul>\n<li><strong>Acueducto agua cruda:<\/strong><b> <\/b><\/li>\n<\/ul>\n<p>H\u00b0 D\u00factil- DN 1200mm-Long. 900m<\/p>\n<ul>\n<li><strong>Ejecuci\u00f3n de obra:<\/strong><\/li>\n<\/ul>\n<p>Supercemento S.A.I.C.<\/p>\n<p>ENOHSa (Ente Nacional de Obras H\u00eddricas de Saneamiento)<\/p>","protected":false},"excerpt":{"rendered":"<p>AMPLIACI\u00d3N PLANTA POTABILIZADORA CIUDAD DE SANTA FE<\/p>\n<p>Proyecto ejecutivo e ingenier\u00eda de detalle: <br \/>Nueva planta potabilizadora y obras complementarias <\/p>\n<p> 2022 &#8211; en ejecuci\u00f3n <\/p>\n","protected":false},"author":2,"featured_media":4691,"parent":4659,"menu_order":0,"comment_status":"closed","ping_status":"closed","template":"template-productos-plantas-construidas-mas-informacion.php","meta":{"_acf_changed":false,"footnotes":""},"class_list":["post-4690","page","type-page","status-publish","has-post-thumbnail","hentry"],"acf":[],"_links":{"self":[{"href":"https:\/\/idearsa.com.ar\/index.php?rest_route=\/wp\/v2\/pages\/4690","targetHints":{"allow":["GET"]}}],"collection":[{"href":"https:\/\/idearsa.com.ar\/index.php?rest_route=\/wp\/v2\/pages"}],"about":[{"href":"https:\/\/idearsa.com.ar\/index.php?rest_route=\/wp\/v2\/types\/page"}],"author":[{"embeddable":true,"href":"https:\/\/idearsa.com.ar\/index.php?rest_route=\/wp\/v2\/users\/2"}],"replies":[{"embeddable":true,"href":"https:\/\/idearsa.com.ar\/index.php?rest_route=%2Fwp%2Fv2%2Fcomments&post=4690"}],"version-history":[{"count":5,"href":"https:\/\/idearsa.com.ar\/index.php?rest_route=\/wp\/v2\/pages\/4690\/revisions"}],"predecessor-version":[{"id":4712,"href":"https:\/\/idearsa.com.ar\/index.php?rest_route=\/wp\/v2\/pages\/4690\/revisions\/4712"}],"up":[{"embeddable":true,"href":"https:\/\/idearsa.com.ar\/index.php?rest_route=\/wp\/v2\/pages\/4659"}],"wp:featuredmedia":[{"embeddable":true,"href":"https:\/\/idearsa.com.ar\/index.php?rest_route=\/wp\/v2\/media\/4691"}],"wp:attachment":[{"href":"https:\/\/idearsa.com.ar\/index.php?rest_route=%2Fwp%2Fv2%2Fmedia&parent=4690"}],"curies":[{"name":"wp","href":"https:\/\/api.w.org\/{rel}","templated":true}]}}