{"id":4698,"date":"2025-08-23T20:41:30","date_gmt":"2025-08-23T20:41:30","guid":{"rendered":"https:\/\/idearsa.com.ar\/?page_id=4698"},"modified":"2025-09-23T20:55:28","modified_gmt":"2025-09-23T20:55:28","slug":"acueducto-norte-i","status":"publish","type":"page","link":"https:\/\/idearsa.com.ar\/?page_id=4698","title":{"rendered":"ACUEDUCTO NORTE I"},"content":{"rendered":"<p><strong>PLANTA POTABILIZADORA DESV\u00cdO ARIJ\u00d3N<\/strong><\/p>\n<p><strong>Proyecto ejecutivo, ingenier\u00eda de detalle y puesta en marcha:<\/strong><\/p>\n<p>Planta potabilizadora (m\u00f3dulo 1 de 4) y obras complementarias (2012-2015)<\/p>\n<ul>\n<li><strong>Caudal de tratamiento:<\/strong> 2.160 m\u00b3\/h<\/li>\n<li><strong>Poblaci\u00f3n abastecida:<\/strong> 180.000 habitantes<\/li>\n<li><b>Obra de toma:<\/b><\/li>\n<\/ul>\n<p>Caudal total a captar final per\u00edodo de dise\u00f1o a 30 a\u00f1os: 8.597 m3\/h. Sistema tipo muelle sobre R\u00edo Coronda.<\/p>\n<ul>\n<li><strong>Acueducto agua cruda: <\/strong><\/li>\n<\/ul>\n<p>H\u00ba D\u00factil \u2013 DN1200mm \u2013 Long. 2,3 km<\/p>\n<ul>\n<li><strong>Acueducto agua tratada: <\/strong><\/li>\n<\/ul>\n<p>Ramal Santo Tom\u00e9: PRFV\u2013DN600mm\u2013Long.19 km. Derivaci\u00f3n Santo Tom\u00e9 Norte: PVC\u2013DN400mm\u2013Long. 2 km.<\/p>\n<p>Derivaci\u00f3n Santo Tom\u00e9 Sur: PVC\u2013DN450mm\u2013Long. 4 km.<\/p>\n<p>Ramal Sauce Viejo: PVC\u2013DN125mm\u2013Long. 1 km Ramal Desv\u00edo Arij\u00f3n: PVC\u2013DN140mm\u2013Long. 2,5 km<\/p>\n<ul>\n<li><strong>Ejecuci\u00f3n de obra:<\/strong><\/li>\n<\/ul>\n<p>Brajkovic S.A.I. \/ Pecam S.A. \u2013 UTE<\/p>\n<p>Sist. de Grandes Acueductos de la Prov. de Santa Fe<\/p>\n","protected":false},"excerpt":{"rendered":"<p>PLANTA POTABILIZADORA DESV\u00cdO ARIJ\u00d3N<\/p>\n<p>Proyecto ejecutivo, ingenier\u00eda de detalle y puesta en marcha:<\/p>\n<p>Planta potabilizadora (m\u00f3dulo 1 de 4) y obras complementarias<\/p>\n<p>2012 &#8211; 2015<\/p>\n","protected":false},"author":2,"featured_media":4699,"parent":4659,"menu_order":0,"comment_status":"closed","ping_status":"closed","template":"template-productos-plantas-construidas-mas-informacion.php","meta":{"_acf_changed":false,"footnotes":""},"class_list":["post-4698","page","type-page","status-publish","has-post-thumbnail","hentry"],"acf":[],"_links":{"self":[{"href":"https:\/\/idearsa.com.ar\/index.php?rest_route=\/wp\/v2\/pages\/4698","targetHints":{"allow":["GET"]}}],"collection":[{"href":"https:\/\/idearsa.com.ar\/index.php?rest_route=\/wp\/v2\/pages"}],"about":[{"href":"https:\/\/idearsa.com.ar\/index.php?rest_route=\/wp\/v2\/types\/page"}],"author":[{"embeddable":true,"href":"https:\/\/idearsa.com.ar\/index.php?rest_route=\/wp\/v2\/users\/2"}],"replies":[{"embeddable":true,"href":"https:\/\/idearsa.com.ar\/index.php?rest_route=%2Fwp%2Fv2%2Fcomments&post=4698"}],"version-history":[{"count":10,"href":"https:\/\/idearsa.com.ar\/index.php?rest_route=\/wp\/v2\/pages\/4698\/revisions"}],"predecessor-version":[{"id":4713,"href":"https:\/\/idearsa.com.ar\/index.php?rest_route=\/wp\/v2\/pages\/4698\/revisions\/4713"}],"up":[{"embeddable":true,"href":"https:\/\/idearsa.com.ar\/index.php?rest_route=\/wp\/v2\/pages\/4659"}],"wp:featuredmedia":[{"embeddable":true,"href":"https:\/\/idearsa.com.ar\/index.php?rest_route=\/wp\/v2\/media\/4699"}],"wp:attachment":[{"href":"https:\/\/idearsa.com.ar\/index.php?rest_route=%2Fwp%2Fv2%2Fmedia&parent=4698"}],"curies":[{"name":"wp","href":"https:\/\/api.w.org\/{rel}","templated":true}]}}