{"id":54,"date":"2014-08-06T22:40:05","date_gmt":"2014-08-06T22:40:05","guid":{"rendered":"http:\/\/idearsa.com.ar\/?page_id=54"},"modified":"2014-08-07T18:16:58","modified_gmt":"2014-08-07T18:16:58","slug":"proceso-arcis-unr","status":"publish","type":"page","link":"https:\/\/idearsa.com.ar\/?page_id=54","title":{"rendered":"Proceso ArCIS-UNR\u00ae"},"content":{"rendered":"<p><span style=\"color: #404247;\">El\u00a0<\/span><span style=\"font-weight: bold; color: #404247;\">Proceso ArCIS-UNR\u00ae<\/span><span style=\"color: #404247;\">\u00a0es una soluci\u00f3n apropiada y probada que resuelve el problema de tratamiento de aguas subterr\u00e1neas con presencia de ars\u00e9nico y fluoruros. Este proceso fue desarrollado en el Centro de Ingenier\u00eda Sanitaria (CIS), perteneciente a la\u00a0<\/span><a href=\"http:\/\/www.fceia.unr.edu.ar\/\" target=\"_blank\">Facultad de Ciencias Exactas, Ingenier\u00eda y Agrimensura de la Universidad Nacional de Rosario<\/a><span style=\"color: #404247;\">\u00a0a trav\u00e9s de pruebas en planta piloto. La experiencia demuestra que este proceso resulta particularmente aplicable para tratar aguas con ars\u00e9nico que posean contenidos de sales totales moderados, casos en los que compite favorablemente con los procesos de \u00f3smosis inversa.<\/span><\/p>\n","protected":false},"excerpt":{"rendered":"<p>El\u00a0<strong>Proceso ArCIS-UNR\u00ae<\/strong> es un sistema de tratamiento para remover ars\u00e9nico y fluoruros del agua subterr\u00e1nea que se basa en procesos de coagulaci\u00f3n-floculaci\u00f3n y filtraci\u00f3n. Este proceso se aplica al dise\u00f1o de plantas potabilizadoras, pudiendo implementarse a trav\u00e9s de la instalaci\u00f3n de plantas compactas prefabricadas o plantas construidas in situ.<\/p>\n","protected":false},"author":1,"featured_media":64,"parent":7,"menu_order":0,"comment_status":"open","ping_status":"closed","template":"template-productos-mas-informacion.php","meta":{"_acf_changed":false,"footnotes":""},"class_list":["post-54","page","type-page","status-publish","has-post-thumbnail","hentry"],"acf":[],"_links":{"self":[{"href":"https:\/\/idearsa.com.ar\/index.php?rest_route=\/wp\/v2\/pages\/54","targetHints":{"allow":["GET"]}}],"collection":[{"href":"https:\/\/idearsa.com.ar\/index.php?rest_route=\/wp\/v2\/pages"}],"about":[{"href":"https:\/\/idearsa.com.ar\/index.php?rest_route=\/wp\/v2\/types\/page"}],"author":[{"embeddable":true,"href":"https:\/\/idearsa.com.ar\/index.php?rest_route=\/wp\/v2\/users\/1"}],"replies":[{"embeddable":true,"href":"https:\/\/idearsa.com.ar\/index.php?rest_route=%2Fwp%2Fv2%2Fcomments&post=54"}],"version-history":[{"count":12,"href":"https:\/\/idearsa.com.ar\/index.php?rest_route=\/wp\/v2\/pages\/54\/revisions"}],"predecessor-version":[{"id":118,"href":"https:\/\/idearsa.com.ar\/index.php?rest_route=\/wp\/v2\/pages\/54\/revisions\/118"}],"up":[{"embeddable":true,"href":"https:\/\/idearsa.com.ar\/index.php?rest_route=\/wp\/v2\/pages\/7"}],"wp:featuredmedia":[{"embeddable":true,"href":"https:\/\/idearsa.com.ar\/index.php?rest_route=\/wp\/v2\/media\/64"}],"wp:attachment":[{"href":"https:\/\/idearsa.com.ar\/index.php?rest_route=%2Fwp%2Fv2%2Fmedia&parent=54"}],"curies":[{"name":"wp","href":"https:\/\/api.w.org\/{rel}","templated":true}]}}