{"id":591,"date":"2018-10-05T15:59:00","date_gmt":"2018-10-05T15:59:00","guid":{"rendered":"http:\/\/idearsa.com.ar\/?page_id=591"},"modified":"2018-10-05T16:06:13","modified_gmt":"2018-10-05T16:06:13","slug":"planta-noroeste-santa-fe","status":"publish","type":"page","link":"https:\/\/idearsa.com.ar\/?page_id=591","title":{"rendered":"Planta Noroeste Santa Fe"},"content":{"rendered":"<p><strong>Proceso de tratamiento<\/strong><br \/>\nAeraci\u00f3n + Doble Filtraci\u00f3n Biol\u00f3gica (Proceso BioCIS-UNR\u00ae)<\/p>\n<p><strong>A\u00f1o de Inauguraci\u00f3n<br \/>\n<\/strong>2018<\/p>\n<p><strong>Caudal Tratado<\/strong><br \/>\n50 m3\/h<\/p>\n<p><strong>Poblaci\u00f3n\u00a0Abastecida<\/strong><br \/>\n7.000 habitantes<\/p>\n<p><strong>Tipo de Construcci\u00f3n<\/strong><br \/>\nModular Compacta de Pl\u00e1stico Reforzado con Fibra de Vidrio<\/p>\n<p><strong>Hierro en agua cruda<\/strong><br \/>\n1,2 mg\/l \u2014-&lt;0,05 mg\/L<\/p>\n<p><strong>Manganeso en agua cruda<\/strong><br \/>\n0,40 mg\/l \u2014-&lt;0,05 mg\/L<\/p>\n<p><strong>Informaci\u00f3n de Contacto<\/strong><br \/>\nAguas Santafesinas S.A.<\/p>\n<p>Ing. Juan Carlos Zatta<br \/>\nTel.\/fax:\u00a0+54-0341-4206797<\/p>\n","protected":false},"excerpt":{"rendered":"<p>A\u00f1o de inauguraci\u00f3n: 2018<br \/>Poblaci\u00f3n abastecida: 7.000 habitantes<\/p>\n","protected":false},"author":2,"featured_media":592,"parent":89,"menu_order":0,"comment_status":"closed","ping_status":"closed","template":"template-productos-plantas-construidas-mas-informacion.php","meta":{"_acf_changed":false,"footnotes":""},"class_list":["post-591","page","type-page","status-publish","has-post-thumbnail","hentry"],"acf":[],"_links":{"self":[{"href":"https:\/\/idearsa.com.ar\/index.php?rest_route=\/wp\/v2\/pages\/591","targetHints":{"allow":["GET"]}}],"collection":[{"href":"https:\/\/idearsa.com.ar\/index.php?rest_route=\/wp\/v2\/pages"}],"about":[{"href":"https:\/\/idearsa.com.ar\/index.php?rest_route=\/wp\/v2\/types\/page"}],"author":[{"embeddable":true,"href":"https:\/\/idearsa.com.ar\/index.php?rest_route=\/wp\/v2\/users\/2"}],"replies":[{"embeddable":true,"href":"https:\/\/idearsa.com.ar\/index.php?rest_route=%2Fwp%2Fv2%2Fcomments&post=591"}],"version-history":[{"count":7,"href":"https:\/\/idearsa.com.ar\/index.php?rest_route=\/wp\/v2\/pages\/591\/revisions"}],"predecessor-version":[{"id":601,"href":"https:\/\/idearsa.com.ar\/index.php?rest_route=\/wp\/v2\/pages\/591\/revisions\/601"}],"up":[{"embeddable":true,"href":"https:\/\/idearsa.com.ar\/index.php?rest_route=\/wp\/v2\/pages\/89"}],"wp:featuredmedia":[{"embeddable":true,"href":"https:\/\/idearsa.com.ar\/index.php?rest_route=\/wp\/v2\/media\/592"}],"wp:attachment":[{"href":"https:\/\/idearsa.com.ar\/index.php?rest_route=%2Fwp%2Fv2%2Fmedia&parent=591"}],"curies":[{"name":"wp","href":"https:\/\/api.w.org\/{rel}","templated":true}]}}