{"id":61,"date":"2014-08-07T16:45:01","date_gmt":"2014-08-07T16:45:01","guid":{"rendered":"http:\/\/idearsa.com.ar\/?page_id=61"},"modified":"2014-08-08T16:00:13","modified_gmt":"2014-08-08T16:00:13","slug":"proceso-biocis-unr","status":"publish","type":"page","link":"https:\/\/idearsa.com.ar\/?page_id=61","title":{"rendered":"Proceso BioCIS-UNR\u00ae"},"content":{"rendered":"<p>El Proceso BioCIS-UNR\u00ae de remoci\u00f3n biol\u00f3gica de hierro y manganeso fue desarrollado en el<a href=\"http:\/\/www.fceia.unr.edu.ar\/cis\" target=\"_blank\"> Centro de Ingenier\u00eda Sanitaria (CIS)<\/a>, perteneciente a la <a href=\"http:\/\/www.fceia.unr.edu.ar\/\" target=\"_blank\">Facultad de Ciencias Exactas, Ingenier\u00eda y Agrimensura de la Universidad Nacional de Rosario<\/a>, mediante proyectos de I+D. Este proceso demostr\u00f3 ser una tecnolog\u00eda apropiada debido a los excelentes resultados obtenidos en extensas pruebas en planta piloto con distintas calidades de agua cruda. Las ventajas de este sistema son muy importantes cuando se lo compara con los procesos f\u00edsico-qu\u00edmicos convencionales de remoci\u00f3n de hierro y manganeso.<\/p>\n","protected":false},"excerpt":{"rendered":"<p>El <strong>Proceso BioCIS-UNR\u00ae<\/strong> es un sistema para remover hierro y manganeso del agua subterr\u00e1nea, que utiliza la tecnolog\u00eda de la biooxidaci\u00f3n, sin el agregado de productos qu\u00edmicos. Se aplica al dise\u00f1o de plantas potabilizadoras, que pueden ser: compactas prefabricadas, plantas construidas in situ o mediante la transformaci\u00f3n de plantas existentes basadas en procesos fisicoqu\u00edmicos.<\/p>\n","protected":false},"author":1,"featured_media":65,"parent":7,"menu_order":0,"comment_status":"open","ping_status":"closed","template":"template-productos-mas-informacion.php","meta":{"_acf_changed":false,"footnotes":""},"class_list":["post-61","page","type-page","status-publish","has-post-thumbnail","hentry"],"acf":[],"_links":{"self":[{"href":"https:\/\/idearsa.com.ar\/index.php?rest_route=\/wp\/v2\/pages\/61","targetHints":{"allow":["GET"]}}],"collection":[{"href":"https:\/\/idearsa.com.ar\/index.php?rest_route=\/wp\/v2\/pages"}],"about":[{"href":"https:\/\/idearsa.com.ar\/index.php?rest_route=\/wp\/v2\/types\/page"}],"author":[{"embeddable":true,"href":"https:\/\/idearsa.com.ar\/index.php?rest_route=\/wp\/v2\/users\/1"}],"replies":[{"embeddable":true,"href":"https:\/\/idearsa.com.ar\/index.php?rest_route=%2Fwp%2Fv2%2Fcomments&post=61"}],"version-history":[{"count":7,"href":"https:\/\/idearsa.com.ar\/index.php?rest_route=\/wp\/v2\/pages\/61\/revisions"}],"predecessor-version":[{"id":358,"href":"https:\/\/idearsa.com.ar\/index.php?rest_route=\/wp\/v2\/pages\/61\/revisions\/358"}],"up":[{"embeddable":true,"href":"https:\/\/idearsa.com.ar\/index.php?rest_route=\/wp\/v2\/pages\/7"}],"wp:featuredmedia":[{"embeddable":true,"href":"https:\/\/idearsa.com.ar\/index.php?rest_route=\/wp\/v2\/media\/65"}],"wp:attachment":[{"href":"https:\/\/idearsa.com.ar\/index.php?rest_route=%2Fwp%2Fv2%2Fmedia&parent=61"}],"curies":[{"name":"wp","href":"https:\/\/api.w.org\/{rel}","templated":true}]}}