{"id":683,"date":"2023-01-11T18:33:40","date_gmt":"2023-01-11T18:33:40","guid":{"rendered":"http:\/\/idearsa.com.ar\/?page_id=683"},"modified":"2025-09-16T20:38:34","modified_gmt":"2025-09-16T20:38:34","slug":"nueva-planta-potabilizadora-de-concordia-provincia-de-entre-rios-argentina","status":"publish","type":"page","link":"https:\/\/idearsa.com.ar\/?page_id=683","title":{"rendered":"Nueva Planta Potabilizadora de Concordia"},"content":{"rendered":"<p><strong>Proyecto ejecutivo e ingenier\u00eda de detalle:<\/strong><br \/>Planta potabilizadora y obras complementarias (2018-2022)<\/p>\n<ul>\n<li>\n<p><strong>Caudal de tratamiento:<\/strong> 2.654 m\u00b3\/h<\/p>\n<\/li>\n<li>\n<p><strong>Poblaci\u00f3n abastecida:<\/strong> 205.000 hab.<\/p>\n<\/li>\n<li>\n<p><strong>Obra de toma:<\/strong> Sistema tipo muelle sobre R\u00edo Uruguay<\/p>\n<\/li>\n<li>\n<p><strong>Proceso de tratamiento:<\/strong><\/p>\n<p>M\u00f3dulo de potabilizaci\u00f3n de aguas superficiales mediante tratamiento convencional: coagulaci\u00f3n y floculaci\u00f3n mec\u00e1nica. Sedimentaci\u00f3n de alta carga. Filtraci\u00f3n r\u00e1pida en arena.<\/p>\n<p>Planta de tratamiento de efluentes de proceso: Tanque compensador, espesadores y deshidrataci\u00f3n de barros<\/p>\n<\/li>\n<li>\n<p><strong>Obras Complementarias<\/strong>:<\/p>\n<p>Cisterna de agua tratada (5.000 m\u00b3)<\/p>\n<p>Centro de distribuci\u00f3n Norte (15.000 m3)<\/p>\n<p>Edificio laboratorio y control (265 m\u00b2)<\/p>\n<p>Casa qu\u00edmica (505 m\u00b2). Cloraci\u00f3n (42m2)<\/p>\n<p>Saturadores y cisterna de agua de cal.<\/p>\n<p>Estaci\u00f3n bombeo agua potable (240 HP) Estaci\u00f3n bombeo lavado (150 HP)<\/p>\n<p>Edificio deshidrataci\u00f3n barros (210 m\u00b2)<\/p>\n<\/li>\n<li>\n<p><strong>Ejecuci\u00f3n de obra:<\/strong><\/p>\n<p>JCR SA<\/p>\n<p>ENOHSa-Programa de agua potable y saneamiento para centros urbanos y suburbanos (Pr\u00e9stamoBID)<\/p>\n<\/li>\n<\/ul>\n\n\n<p><\/p>\n","protected":false},"excerpt":{"rendered":"<p>Proyecto ejecutivo e ingenier\u00eda de detalle:<br \/>Planta potabilizadora y obras complementarias (2018-2022)<\/p>\n<p>\u25cf Caudal de tratamiento: 2.654 m\u00b3\/h<br \/>\n\u25cf Poblaci\u00f3n abastecida: 205.000 hab.<\/p>\n","protected":false},"author":2,"featured_media":4504,"parent":4489,"menu_order":0,"comment_status":"closed","ping_status":"closed","template":"template-productos-plantas-construidas-mas-informacion.php","meta":{"_acf_changed":false,"footnotes":""},"class_list":["post-683","page","type-page","status-publish","has-post-thumbnail","hentry"],"acf":[],"_links":{"self":[{"href":"https:\/\/idearsa.com.ar\/index.php?rest_route=\/wp\/v2\/pages\/683","targetHints":{"allow":["GET"]}}],"collection":[{"href":"https:\/\/idearsa.com.ar\/index.php?rest_route=\/wp\/v2\/pages"}],"about":[{"href":"https:\/\/idearsa.com.ar\/index.php?rest_route=\/wp\/v2\/types\/page"}],"author":[{"embeddable":true,"href":"https:\/\/idearsa.com.ar\/index.php?rest_route=\/wp\/v2\/users\/2"}],"replies":[{"embeddable":true,"href":"https:\/\/idearsa.com.ar\/index.php?rest_route=%2Fwp%2Fv2%2Fcomments&post=683"}],"version-history":[{"count":15,"href":"https:\/\/idearsa.com.ar\/index.php?rest_route=\/wp\/v2\/pages\/683\/revisions"}],"predecessor-version":[{"id":4684,"href":"https:\/\/idearsa.com.ar\/index.php?rest_route=\/wp\/v2\/pages\/683\/revisions\/4684"}],"up":[{"embeddable":true,"href":"https:\/\/idearsa.com.ar\/index.php?rest_route=\/wp\/v2\/pages\/4489"}],"wp:featuredmedia":[{"embeddable":true,"href":"https:\/\/idearsa.com.ar\/index.php?rest_route=\/wp\/v2\/media\/4504"}],"wp:attachment":[{"href":"https:\/\/idearsa.com.ar\/index.php?rest_route=%2Fwp%2Fv2%2Fmedia&parent=683"}],"curies":[{"name":"wp","href":"https:\/\/api.w.org\/{rel}","templated":true}]}}