{"id":702,"date":"2021-12-28T16:35:00","date_gmt":"2021-12-28T16:35:00","guid":{"rendered":"http:\/\/idearsa.com.ar\/?page_id=702"},"modified":"2021-12-29T13:23:15","modified_gmt":"2021-12-29T13:23:15","slug":"planta-de-tratamiento-recreo-sur","status":"publish","type":"page","link":"https:\/\/idearsa.com.ar\/?page_id=702","title":{"rendered":"Planta de tratamiento Recreo Sur"},"content":{"rendered":"<p><strong>A\u00f1o de Inauguraci\u00f3n<br \/>\n<\/strong>2021<\/p>\n<p><strong>Poblaci\u00f3n\u00a0Abastecida<\/strong><br \/>\n2.800 habitantes<\/p>\n<p><strong>Caudal Tratado<\/strong><br \/>\n80\u00a0m\u00b3\/h<\/p>\n<p><strong>Proceso de tratamiento<\/strong><br \/>\nAeraci\u00f3n + Doble Filtraci\u00f3n Biol\u00f3gica (Proceso BioCIS-UNR\u00ae)<\/p>\n<p><strong>Tipo de Construcci\u00f3n<\/strong><br \/>\nModular PRFV<\/p>\n<p><strong>Hierro en agua cruda tratada<\/strong><br \/>\n0.65 mg\/l \u2014-&lt;0,05 mg\/L<\/p>\n<p>&nbsp;<\/p>\n","protected":false},"excerpt":{"rendered":"<p>A\u00f1o de inauguraci\u00f3n: 2021<br \/>Poblaci\u00f3n abastecida: 2.800 habitantes<\/p>\n","protected":false},"author":2,"featured_media":716,"parent":89,"menu_order":0,"comment_status":"closed","ping_status":"closed","template":"template-productos-plantas-construidas-mas-informacion.php","meta":{"_acf_changed":false,"footnotes":""},"class_list":["post-702","page","type-page","status-publish","has-post-thumbnail","hentry"],"acf":[],"_links":{"self":[{"href":"https:\/\/idearsa.com.ar\/index.php?rest_route=\/wp\/v2\/pages\/702","targetHints":{"allow":["GET"]}}],"collection":[{"href":"https:\/\/idearsa.com.ar\/index.php?rest_route=\/wp\/v2\/pages"}],"about":[{"href":"https:\/\/idearsa.com.ar\/index.php?rest_route=\/wp\/v2\/types\/page"}],"author":[{"embeddable":true,"href":"https:\/\/idearsa.com.ar\/index.php?rest_route=\/wp\/v2\/users\/2"}],"replies":[{"embeddable":true,"href":"https:\/\/idearsa.com.ar\/index.php?rest_route=%2Fwp%2Fv2%2Fcomments&post=702"}],"version-history":[{"count":4,"href":"https:\/\/idearsa.com.ar\/index.php?rest_route=\/wp\/v2\/pages\/702\/revisions"}],"predecessor-version":[{"id":717,"href":"https:\/\/idearsa.com.ar\/index.php?rest_route=\/wp\/v2\/pages\/702\/revisions\/717"}],"up":[{"embeddable":true,"href":"https:\/\/idearsa.com.ar\/index.php?rest_route=\/wp\/v2\/pages\/89"}],"wp:featuredmedia":[{"embeddable":true,"href":"https:\/\/idearsa.com.ar\/index.php?rest_route=\/wp\/v2\/media\/716"}],"wp:attachment":[{"href":"https:\/\/idearsa.com.ar\/index.php?rest_route=%2Fwp%2Fv2%2Fmedia&parent=702"}],"curies":[{"name":"wp","href":"https:\/\/api.w.org\/{rel}","templated":true}]}}