{"id":704,"date":"2021-12-28T16:36:39","date_gmt":"2021-12-28T16:36:39","guid":{"rendered":"http:\/\/idearsa.com.ar\/?page_id=704"},"modified":"2021-12-29T13:24:19","modified_gmt":"2021-12-29T13:24:19","slug":"planta-de-tratamiento-barrio-santa-catalina","status":"publish","type":"page","link":"https:\/\/idearsa.com.ar\/?page_id=704","title":{"rendered":"Planta de tratamiento Barrio Santa Catalina"},"content":{"rendered":"<p><strong>A\u00f1o de Inauguraci\u00f3n<br \/>\n<\/strong>2021<\/p>\n<p><strong>Poblaci\u00f3n\u00a0Abastecida<\/strong><br \/>\n1.800 habitantes<\/p>\n<p><strong>Caudal Tratado<\/strong><br \/>\n50 m\u00b3\/h<\/p>\n<p><strong>Proceso de tratamiento<\/strong><br \/>\nAeraci\u00f3n + Filtraci\u00f3n Biol\u00f3gica (Proceso BioCIS-UNR\u00ae)<\/p>\n<p><strong>Tipo de Construcci\u00f3n<\/strong><br \/>\nModular PRFV<\/p>\n<p><strong>Hierro en agua cruda tratada<\/strong><br \/>\n0.60 mg\/l \u2014-&lt;0,05 mg\/L<\/p>\n<p><strong>Informaci\u00f3n de Contacto<\/strong><br \/>\nAguas de Corrientes S.A.<\/p>\n<p>Ing.\u00a0Javier Hertler<\/p>\n","protected":false},"excerpt":{"rendered":"<p>A\u00f1o de inauguraci\u00f3n: 2021<br \/>Poblaci\u00f3n abastecida: 1.800 habitantes<\/p>\n","protected":false},"author":2,"featured_media":714,"parent":89,"menu_order":0,"comment_status":"closed","ping_status":"closed","template":"template-productos-plantas-construidas-mas-informacion.php","meta":{"_acf_changed":false,"footnotes":""},"class_list":["post-704","page","type-page","status-publish","has-post-thumbnail","hentry"],"acf":[],"_links":{"self":[{"href":"https:\/\/idearsa.com.ar\/index.php?rest_route=\/wp\/v2\/pages\/704","targetHints":{"allow":["GET"]}}],"collection":[{"href":"https:\/\/idearsa.com.ar\/index.php?rest_route=\/wp\/v2\/pages"}],"about":[{"href":"https:\/\/idearsa.com.ar\/index.php?rest_route=\/wp\/v2\/types\/page"}],"author":[{"embeddable":true,"href":"https:\/\/idearsa.com.ar\/index.php?rest_route=\/wp\/v2\/users\/2"}],"replies":[{"embeddable":true,"href":"https:\/\/idearsa.com.ar\/index.php?rest_route=%2Fwp%2Fv2%2Fcomments&post=704"}],"version-history":[{"count":3,"href":"https:\/\/idearsa.com.ar\/index.php?rest_route=\/wp\/v2\/pages\/704\/revisions"}],"predecessor-version":[{"id":713,"href":"https:\/\/idearsa.com.ar\/index.php?rest_route=\/wp\/v2\/pages\/704\/revisions\/713"}],"up":[{"embeddable":true,"href":"https:\/\/idearsa.com.ar\/index.php?rest_route=\/wp\/v2\/pages\/89"}],"wp:featuredmedia":[{"embeddable":true,"href":"https:\/\/idearsa.com.ar\/index.php?rest_route=\/wp\/v2\/media\/714"}],"wp:attachment":[{"href":"https:\/\/idearsa.com.ar\/index.php?rest_route=%2Fwp%2Fv2%2Fmedia&parent=704"}],"curies":[{"name":"wp","href":"https:\/\/api.w.org\/{rel}","templated":true}]}}