{"id":77,"date":"2001-01-07T18:33:20","date_gmt":"2001-01-07T18:33:20","guid":{"rendered":"http:\/\/idearsa.com.ar\/?page_id=77"},"modified":"2014-08-20T16:14:18","modified_gmt":"2014-08-20T16:14:18","slug":"planta-de-tratamiento-de-la-ciudad-de-villa-canas-santa-fe-argentina","status":"publish","type":"page","link":"https:\/\/idearsa.com.ar\/?page_id=77","title":{"rendered":"Planta de tratamiento Villa Ca\u00f1\u00e1s"},"content":{"rendered":"<p><strong>Proceso de tratamiento<\/strong><br \/>\nCoagulaci\u00f3n con Policloruro Aluminio + Prefiltraci\u00f3n + Filtraci\u00f3n (Proceso ArCIS-UNR\u00ae)<\/p>\n<p><strong>A\u00f1o de Inauguraci\u00f3n<\/strong><br \/>\n2001<\/p>\n<p><strong>Caudal tratado<\/strong><br \/>\n50 m3\/h<\/p>\n<p><strong>Poblaci\u00f3n Abastecida<\/strong><br \/>\n10500 habitantes<\/p>\n<p><strong>Tipo de Construcci\u00f3n<\/strong><br \/>\nHormig\u00f3n armado moldeado in situ<\/p>\n<p><strong>Ars\u00e9nico agua cruda<\/strong><br \/>\n0,13-0,17 mg\/l<\/p>\n<p><strong>Informaci\u00f3n de Contacto <\/strong><br \/>\nCooperativa de Obras y Servicios P\u00fablicos de Villa Ca\u00f1\u00e1s<br \/>\nTel.\/fax: +54-03462-450202<\/p>\n","protected":false},"excerpt":{"rendered":"<p>Coagulaci\u00f3n con Policloruro Aluminio + Prefiltraci\u00f3n + Filtraci\u00f3n (Proceso ArCIS-UNR\u00ae)<\/p>\n","protected":false},"author":1,"featured_media":83,"parent":86,"menu_order":0,"comment_status":"open","ping_status":"closed","template":"template-productos-plantas-construidas-mas-informacion.php","meta":{"_acf_changed":false,"footnotes":""},"class_list":["post-77","page","type-page","status-publish","has-post-thumbnail","hentry"],"acf":[],"_links":{"self":[{"href":"https:\/\/idearsa.com.ar\/index.php?rest_route=\/wp\/v2\/pages\/77","targetHints":{"allow":["GET"]}}],"collection":[{"href":"https:\/\/idearsa.com.ar\/index.php?rest_route=\/wp\/v2\/pages"}],"about":[{"href":"https:\/\/idearsa.com.ar\/index.php?rest_route=\/wp\/v2\/types\/page"}],"author":[{"embeddable":true,"href":"https:\/\/idearsa.com.ar\/index.php?rest_route=\/wp\/v2\/users\/1"}],"replies":[{"embeddable":true,"href":"https:\/\/idearsa.com.ar\/index.php?rest_route=%2Fwp%2Fv2%2Fcomments&post=77"}],"version-history":[{"count":7,"href":"https:\/\/idearsa.com.ar\/index.php?rest_route=\/wp\/v2\/pages\/77\/revisions"}],"predecessor-version":[{"id":129,"href":"https:\/\/idearsa.com.ar\/index.php?rest_route=\/wp\/v2\/pages\/77\/revisions\/129"}],"up":[{"embeddable":true,"href":"https:\/\/idearsa.com.ar\/index.php?rest_route=\/wp\/v2\/pages\/86"}],"wp:featuredmedia":[{"embeddable":true,"href":"https:\/\/idearsa.com.ar\/index.php?rest_route=\/wp\/v2\/media\/83"}],"wp:attachment":[{"href":"https:\/\/idearsa.com.ar\/index.php?rest_route=%2Fwp%2Fv2%2Fmedia&parent=77"}],"curies":[{"name":"wp","href":"https:\/\/api.w.org\/{rel}","templated":true}]}}