{"id":9,"date":"2014-07-22T00:45:57","date_gmt":"2014-07-22T00:45:57","guid":{"rendered":"http:\/\/idearsa.com.ar\/?page_id=9"},"modified":"2025-10-27T19:18:02","modified_gmt":"2025-10-27T19:18:02","slug":"servicios","status":"publish","type":"page","link":"https:\/\/idearsa.com.ar\/?page_id=9","title":{"rendered":"Servicios"},"content":{"rendered":"<p style=\"text-align: left;\">IDEAR brinda una variedad de servicios relacionados a la Ingenier\u00eda en aspectos sanitarios, hidr\u00e1ulicos y de necesidades civiles y electromec\u00e1nicas. Su campo de acci\u00f3n son obras de tratamiento y conducci\u00f3n de agua, ya sea potable como efluentes (dise\u00f1o de plantas nuevas; optimizaci\u00f3n de plantas existentes, acueductos para transporte de agua potable, redes, etc.)<\/p>\n<p><a href=\"https:\/\/idearsa.com.ar\/wp-content\/uploads\/2025\/10\/2025-IDEAR-Presentacion-Empresa-Formato-NUEVO.pdf\">IDEAR-Presentacion Empresa<\/a> \u00a0\u00a0<a href=\"https:\/\/idearsa.com.ar\/wp-content\/uploads\/2025\/06\/IDEAR-Trabajos-realizados.pdf\">IDEAR-Trabajos realizados<\/a><\/p>\n","protected":false},"excerpt":{"rendered":"<p>IDEAR brinda una variedad de servicios relacionados a la Ingenier\u00eda en aspectos sanitarios, hidr\u00e1ulicos y de necesidades civiles y electromec\u00e1nicas. Su campo de acci\u00f3n son obras de tratamiento y conducci\u00f3n de agua, ya sea potable como efluentes (dise\u00f1o de plantas nuevas; optimizaci\u00f3n de plantas existentes, acueductos para transporte de agua potable, redes, etc.) IDEAR-Presentacion Empresa [&hellip;]<\/p>\n","protected":false},"author":1,"featured_media":107,"parent":0,"menu_order":0,"comment_status":"open","ping_status":"closed","template":"template-servicios.php","meta":{"_acf_changed":false,"footnotes":""},"class_list":["post-9","page","type-page","status-publish","has-post-thumbnail","hentry"],"acf":[],"_links":{"self":[{"href":"https:\/\/idearsa.com.ar\/index.php?rest_route=\/wp\/v2\/pages\/9","targetHints":{"allow":["GET"]}}],"collection":[{"href":"https:\/\/idearsa.com.ar\/index.php?rest_route=\/wp\/v2\/pages"}],"about":[{"href":"https:\/\/idearsa.com.ar\/index.php?rest_route=\/wp\/v2\/types\/page"}],"author":[{"embeddable":true,"href":"https:\/\/idearsa.com.ar\/index.php?rest_route=\/wp\/v2\/users\/1"}],"replies":[{"embeddable":true,"href":"https:\/\/idearsa.com.ar\/index.php?rest_route=%2Fwp%2Fv2%2Fcomments&post=9"}],"version-history":[{"count":17,"href":"https:\/\/idearsa.com.ar\/index.php?rest_route=\/wp\/v2\/pages\/9\/revisions"}],"predecessor-version":[{"id":4751,"href":"https:\/\/idearsa.com.ar\/index.php?rest_route=\/wp\/v2\/pages\/9\/revisions\/4751"}],"wp:featuredmedia":[{"embeddable":true,"href":"https:\/\/idearsa.com.ar\/index.php?rest_route=\/wp\/v2\/media\/107"}],"wp:attachment":[{"href":"https:\/\/idearsa.com.ar\/index.php?rest_route=%2Fwp%2Fv2%2Fmedia&parent=9"}],"curies":[{"name":"wp","href":"https:\/\/api.w.org\/{rel}","templated":true}]}}